{"id":21737,"date":"2026-02-10T10:07:30","date_gmt":"2026-02-10T09:07:30","guid":{"rendered":"https:\/\/maduracionyvendimia.es\/?post_type=product&#038;p=21737"},"modified":"2026-02-25T09:45:39","modified_gmt":"2026-02-25T08:45:39","slug":"gin-if-premium","status":"publish","type":"product","link":"https:\/\/maduracionyvendimia.es\/en\/product\/gin-if-premium\/","title":{"rendered":"Gin iF Premium"},"content":{"rendered":"<p data-start=\"418\" data-end=\"672\">Gin IF nace inspirada en una receta original de los a\u00f1os 20, evocando el esp\u00edritu de las destiler\u00edas clandestinas y la elegancia rebelde de los speakeasies neoyorquinos. Una ginebra que rinde homenaje a la tradici\u00f3n, reinterpretada con una mirada actual.<\/p>\n<p data-start=\"674\" data-end=\"1039\">Elaborada bajo el m\u00e9todo cl\u00e1sico <strong data-start=\"707\" data-end=\"725\">London Dry Gin<\/strong>, se destila a partir de alcohol 100% de grano y una cuidada selecci\u00f3n de bot\u00e1nicos naturales. El enebro marca su identidad con firmeza y equilibrio, mientras una combinaci\u00f3n secreta de ingredientes \u2014como cardamomo, cilantro, ra\u00edz de ang\u00e9lica y delicadas notas herbales\u2014 aporta complejidad y profundidad arom\u00e1tica.<\/p>\n<p data-start=\"1041\" data-end=\"1246\">En boca se presenta limpia, sedosa y estructurada, con un perfil seco y elegante. Su car\u00e1cter vers\u00e1til permite disfrutarla tanto en combinaciones cl\u00e1sicas como en propuestas gastron\u00f3micas m\u00e1s sofisticadas.<\/p>\n<p data-start=\"1248\" data-end=\"1374\">Una ginebra con historia, personalidad y equilibrio.<br data-start=\"1300\" data-end=\"1303\" \/>Un destilado pensado para quienes valoran el detalle y la autenticidad.<\/p>","protected":false},"excerpt":{"rendered":"<p>Ginebra London Dry elaborada con alcohol 100% de grano y bot\u00e1nicos naturales. Equilibrada, arom\u00e1tica y con predominio de enebro, ofrece un perfil seco y elegante inspirado en las recetas clandestinas de los a\u00f1os 20.<\/p>","protected":false},"featured_media":21738,"comment_status":"open","ping_status":"closed","template":"","meta":[],"product_brand":[],"product_cat":[220],"product_tag":[],"class_list":{"0":"post-21737","1":"product","2":"type-product","3":"status-publish","4":"has-post-thumbnail","6":"product_cat-otros","8":"first","9":"instock","10":"taxable","11":"shipping-taxable","12":"purchasable","13":"product-type-simple"},"_links":{"self":[{"href":"https:\/\/maduracionyvendimia.es\/en\/wp-json\/wp\/v2\/product\/21737","targetHints":{"allow":["GET"]}}],"collection":[{"href":"https:\/\/maduracionyvendimia.es\/en\/wp-json\/wp\/v2\/product"}],"about":[{"href":"https:\/\/maduracionyvendimia.es\/en\/wp-json\/wp\/v2\/types\/product"}],"replies":[{"embeddable":true,"href":"https:\/\/maduracionyvendimia.es\/en\/wp-json\/wp\/v2\/comments?post=21737"}],"wp:featuredmedia":[{"embeddable":true,"href":"https:\/\/maduracionyvendimia.es\/en\/wp-json\/wp\/v2\/media\/21738"}],"wp:attachment":[{"href":"https:\/\/maduracionyvendimia.es\/en\/wp-json\/wp\/v2\/media?parent=21737"}],"wp:term":[{"taxonomy":"product_brand","embeddable":true,"href":"https:\/\/maduracionyvendimia.es\/en\/wp-json\/wp\/v2\/product_brand?post=21737"},{"taxonomy":"product_cat","embeddable":true,"href":"https:\/\/maduracionyvendimia.es\/en\/wp-json\/wp\/v2\/product_cat?post=21737"},{"taxonomy":"product_tag","embeddable":true,"href":"https:\/\/maduracionyvendimia.es\/en\/wp-json\/wp\/v2\/product_tag?post=21737"}],"curies":[{"name":"wp","href":"https:\/\/api.w.org\/{rel}","templated":true}]}}