{"id":21489,"date":"2025-12-19T14:56:29","date_gmt":"2025-12-19T13:56:29","guid":{"rendered":"https:\/\/maduracionyvendimia.es\/?post_type=product&#038;p=21489"},"modified":"2026-02-26T09:41:42","modified_gmt":"2026-02-26T08:41:42","slug":"nacional-122-roble","status":"publish","type":"product","link":"https:\/\/maduracionyvendimia.es\/en\/product\/nacional-122-roble\/","title":{"rendered":"Nacional 122 Roble"},"content":{"rendered":"<ul>\n<li><strong>Variedad y vi\u00f1edos:<\/strong> 100\u00a0%\u00a0Tempranillo de vi\u00f1edos en Padilla del\u202fDuero y Pesquera del\u202fDuero.<\/li>\n<li><strong>Vendimia y elaboraci\u00f3n:<\/strong> Vendimia manual nocturna en cajas de 15\u202fkg. Maceraci\u00f3n en fr\u00edo de 60\u00a0horas en atm\u00f3sfera inerte; fermentaci\u00f3n de 11\u00a0d\u00edas a 24\u201326\u202f\u00b0C en tanques c\u00f3nicos de 17\u00a0000\u00a0L; fermentaci\u00f3n malol\u00e1ctica en dep\u00f3sito de acero con l\u00edas finas y battonage. Crianza de 18\u00a0semanas en barricas de roble americano y franc\u00e9s.<\/li>\n<li><strong>Nota de cata:<\/strong> Color rojo cereza con reflejos morados; aromas de frutos del bosque (frambuesas y cerezas) y ciruelas junto a sutiles notas especiadas; en boca mantiene su complejidad y una acidez equilibrada.<\/li>\n<li><strong>Maridaje y servicio:<\/strong> Ideal con platos de pasta, tapas, carnes blancas, embutidos y barbacoa. Servir entre 14\u00a0y\u00a016\u202f\u00b0C.<\/li>\n<\/ul>","protected":false},"excerpt":{"rendered":"<p>Tempranillo joven envejecido 18\u00a0semanas en roble americano y franc\u00e9s. Muestra un color rojo cereza con reflejos morados y desprende aromas de frambuesas, cerezas y ciruelas muy bien entrelazados con notas especiadas de madera; en boca es sincero y equilibrado.<\/p>","protected":false},"featured_media":21483,"comment_status":"open","ping_status":"closed","template":"","meta":[],"product_brand":[],"product_cat":[214,216],"product_tag":[],"class_list":{"0":"post-21489","1":"product","2":"type-product","3":"status-publish","4":"has-post-thumbnail","6":"product_cat-sin-categorizar","7":"product_cat-vino-tinto","9":"first","10":"instock","11":"taxable","12":"shipping-taxable","13":"purchasable","14":"product-type-simple"},"_links":{"self":[{"href":"https:\/\/maduracionyvendimia.es\/en\/wp-json\/wp\/v2\/product\/21489","targetHints":{"allow":["GET"]}}],"collection":[{"href":"https:\/\/maduracionyvendimia.es\/en\/wp-json\/wp\/v2\/product"}],"about":[{"href":"https:\/\/maduracionyvendimia.es\/en\/wp-json\/wp\/v2\/types\/product"}],"replies":[{"embeddable":true,"href":"https:\/\/maduracionyvendimia.es\/en\/wp-json\/wp\/v2\/comments?post=21489"}],"wp:featuredmedia":[{"embeddable":true,"href":"https:\/\/maduracionyvendimia.es\/en\/wp-json\/wp\/v2\/media\/21483"}],"wp:attachment":[{"href":"https:\/\/maduracionyvendimia.es\/en\/wp-json\/wp\/v2\/media?parent=21489"}],"wp:term":[{"taxonomy":"product_brand","embeddable":true,"href":"https:\/\/maduracionyvendimia.es\/en\/wp-json\/wp\/v2\/product_brand?post=21489"},{"taxonomy":"product_cat","embeddable":true,"href":"https:\/\/maduracionyvendimia.es\/en\/wp-json\/wp\/v2\/product_cat?post=21489"},{"taxonomy":"product_tag","embeddable":true,"href":"https:\/\/maduracionyvendimia.es\/en\/wp-json\/wp\/v2\/product_tag?post=21489"}],"curies":[{"name":"wp","href":"https:\/\/api.w.org\/{rel}","templated":true}]}}