{"id":21487,"date":"2025-12-19T14:53:40","date_gmt":"2025-12-19T13:53:40","guid":{"rendered":"https:\/\/maduracionyvendimia.es\/?post_type=product&#038;p=21487"},"modified":"2026-02-25T09:47:42","modified_gmt":"2026-02-25T08:47:42","slug":"terra-do-mar-albarino","status":"publish","type":"product","link":"https:\/\/maduracionyvendimia.es\/en\/product\/terra-do-mar-albarino\/","title":{"rendered":"Terra do Mar Albari\u00f1o"},"content":{"rendered":"<ul>\n<li><strong>Variedad y vi\u00f1edos:<\/strong> 100\u00a0%\u00a0Albari\u00f1o de vi\u00f1edos centenarios situados en Cambados (R\u00edas\u00a0Baixas) cultivados con pasi\u00f3n por tres generaciones.<\/li>\n<li><strong>Vendimia y elaboraci\u00f3n:<\/strong> Selecci\u00f3n de racimos durante la cosecha. Vendimia manual al amanecer en el momento \u00f3ptimo. Fermentaci\u00f3n alcoh\u00f3lica a temperatura controlada en dep\u00f3sitos de acero inoxidable. Fermentaci\u00f3n malol\u00e1ctica parcial para aportar cremosidad y equilibrio.<\/li>\n<li><strong>Nota de cata:<\/strong> Amarillo pajizo con reflejos verdes; aromas de manzana verde, fruta de hueso, flores blancas y heno; en boca es redondo, con acidez integrada y notas salinas en el retrogusto.<\/li>\n<li><strong>Maridaje y servicio:<\/strong> Ideal con mariscos, pulpo a la gallega, arroces marineros y pescados al vapor. Servir entre 8\u00a0y\u00a010\u202f\u00b0C.<\/li>\n<\/ul>","protected":false},"excerpt":{"rendered":"<p>Vino blanco atl\u00e1ntico con car\u00e1cter de frescura y equilibrio. De color amarillo pajizo con destellos verdosos, despliega aromas de manzana verde, frutas de hueso y toques de flores blancas y heno; en boca es redondo, con acidez integrada y retrogusto floral y salino.<\/p>","protected":false},"featured_media":21472,"comment_status":"open","ping_status":"closed","template":"","meta":[],"product_brand":[],"product_cat":[214,217],"product_tag":[],"class_list":{"0":"post-21487","1":"product","2":"type-product","3":"status-publish","4":"has-post-thumbnail","6":"product_cat-sin-categorizar","7":"product_cat-vino-blanco","9":"first","10":"instock","11":"taxable","12":"shipping-taxable","13":"purchasable","14":"product-type-simple"},"_links":{"self":[{"href":"https:\/\/maduracionyvendimia.es\/en\/wp-json\/wp\/v2\/product\/21487","targetHints":{"allow":["GET"]}}],"collection":[{"href":"https:\/\/maduracionyvendimia.es\/en\/wp-json\/wp\/v2\/product"}],"about":[{"href":"https:\/\/maduracionyvendimia.es\/en\/wp-json\/wp\/v2\/types\/product"}],"replies":[{"embeddable":true,"href":"https:\/\/maduracionyvendimia.es\/en\/wp-json\/wp\/v2\/comments?post=21487"}],"wp:featuredmedia":[{"embeddable":true,"href":"https:\/\/maduracionyvendimia.es\/en\/wp-json\/wp\/v2\/media\/21472"}],"wp:attachment":[{"href":"https:\/\/maduracionyvendimia.es\/en\/wp-json\/wp\/v2\/media?parent=21487"}],"wp:term":[{"taxonomy":"product_brand","embeddable":true,"href":"https:\/\/maduracionyvendimia.es\/en\/wp-json\/wp\/v2\/product_brand?post=21487"},{"taxonomy":"product_cat","embeddable":true,"href":"https:\/\/maduracionyvendimia.es\/en\/wp-json\/wp\/v2\/product_cat?post=21487"},{"taxonomy":"product_tag","embeddable":true,"href":"https:\/\/maduracionyvendimia.es\/en\/wp-json\/wp\/v2\/product_tag?post=21487"}],"curies":[{"name":"wp","href":"https:\/\/api.w.org\/{rel}","templated":true}]}}