{"id":21480,"date":"2025-12-19T14:46:29","date_gmt":"2025-12-19T13:46:29","guid":{"rendered":"https:\/\/maduracionyvendimia.es\/?post_type=product&#038;p=21480"},"modified":"2026-03-05T19:30:07","modified_gmt":"2026-03-05T18:30:07","slug":"amor-verde-sauvignon-blanc","status":"publish","type":"product","link":"https:\/\/maduracionyvendimia.es\/en\/product\/amor-verde-sauvignon-blanc\/","title":{"rendered":"Amor Verde Sauvignon Blanc (Ecol\u00f3gico)"},"content":{"rendered":"<ul>\n<li><strong>Variedad y vi\u00f1edos:<\/strong> 100\u00a0%\u00a0Sauvignon\u00a0Blanc plantado en 2008 en laderas pedregosas con subsuelo arcilloso\u2011calc\u00e1reo.<\/li>\n<li><strong>Vendimia y elaboraci\u00f3n:<\/strong> Cosecha nocturna mec\u00e1nica para preservar la frescura. Prensado suave a baja temperatura en atm\u00f3sfera inerte. Fermentaci\u00f3n de veinte d\u00edas en dep\u00f3sitos de acero inoxidable a 15\u202f\u00b0C.<\/li>\n<li><strong>Nota de cata:<\/strong> Color amarillo p\u00e1lido con reflejos verdes; aromas tropicales de pi\u00f1a, pomelo y mel\u00f3n; en boca es fresco, complejo y persistente.<\/li>\n<li><strong>Maridaje y servicio:<\/strong> Ideal con mariscos, ceviches, ensaladas c\u00edtricas, cocina asi\u00e1tica y quesos de cabra. Servir entre 6\u00a0y\u00a08\u202f\u00b0C.<\/li>\n<\/ul>","protected":false},"excerpt":{"rendered":"<p>Blanco tropical y elegante de color amarillo p\u00e1lido con destellos verdosos. Presenta notas de frutas frescas con toques de pi\u00f1a, pomelo y mel\u00f3n y un final fresco, redondo y duradero.<\/p>","protected":false},"featured_media":21481,"comment_status":"open","ping_status":"closed","template":"","meta":[],"product_brand":[],"product_cat":[214,217],"product_tag":[],"class_list":{"0":"post-21480","1":"product","2":"type-product","3":"status-publish","4":"has-post-thumbnail","6":"product_cat-sin-categorizar","7":"product_cat-vino-blanco","9":"first","10":"instock","11":"taxable","12":"shipping-taxable","13":"purchasable","14":"product-type-simple"},"_links":{"self":[{"href":"https:\/\/maduracionyvendimia.es\/en\/wp-json\/wp\/v2\/product\/21480","targetHints":{"allow":["GET"]}}],"collection":[{"href":"https:\/\/maduracionyvendimia.es\/en\/wp-json\/wp\/v2\/product"}],"about":[{"href":"https:\/\/maduracionyvendimia.es\/en\/wp-json\/wp\/v2\/types\/product"}],"replies":[{"embeddable":true,"href":"https:\/\/maduracionyvendimia.es\/en\/wp-json\/wp\/v2\/comments?post=21480"}],"wp:featuredmedia":[{"embeddable":true,"href":"https:\/\/maduracionyvendimia.es\/en\/wp-json\/wp\/v2\/media\/21481"}],"wp:attachment":[{"href":"https:\/\/maduracionyvendimia.es\/en\/wp-json\/wp\/v2\/media?parent=21480"}],"wp:term":[{"taxonomy":"product_brand","embeddable":true,"href":"https:\/\/maduracionyvendimia.es\/en\/wp-json\/wp\/v2\/product_brand?post=21480"},{"taxonomy":"product_cat","embeddable":true,"href":"https:\/\/maduracionyvendimia.es\/en\/wp-json\/wp\/v2\/product_cat?post=21480"},{"taxonomy":"product_tag","embeddable":true,"href":"https:\/\/maduracionyvendimia.es\/en\/wp-json\/wp\/v2\/product_tag?post=21480"}],"curies":[{"name":"wp","href":"https:\/\/api.w.org\/{rel}","templated":true}]}}