{"id":21478,"date":"2025-12-19T14:42:30","date_gmt":"2025-12-19T13:42:30","guid":{"rendered":"https:\/\/maduracionyvendimia.es\/?post_type=product&#038;p=21478"},"modified":"2026-02-25T09:48:25","modified_gmt":"2026-02-25T08:48:25","slug":"7-sentidos-rosado-ecologico","status":"publish","type":"product","link":"https:\/\/maduracionyvendimia.es\/en\/product\/7-sentidos-rosado-ecologico\/","title":{"rendered":"7 Sentidos Rosado (Ecol\u00f3gico)"},"content":{"rendered":"<ul>\n<li><strong>Variedad y vi\u00f1edo:<\/strong> Garnacha\u00a0Tinta cultivada en laderas pronunciadas mediante pr\u00e1cticas agr\u00edcolas que respetan los ciclos naturales.<\/li>\n<li><strong>Vendimia y elaboraci\u00f3n:<\/strong> Vendimia manual en cajas de 15\u202fkg y selecci\u00f3n de racimos. Suave prensado a baja temperatura para obtener un mosto floral; contacto breve con hollejos en acero inoxidable para lograr el tono rosa p\u00e1lido.<\/li>\n<li><strong>Nota de cata:<\/strong> Color rosa p\u00e1lido similar a la piel de cebolla; aromas de frutos del bosque y notas l\u00e1cticas; sabor fresco y equilibrado con final largo.<\/li>\n<li><strong>Maridaje y servicio:<\/strong> Acompa\u00f1a ensaladas, sushi, cocina asi\u00e1tica, cocina mediterr\u00e1nea ligera y postres de fruta. Servir entre 8\u00a0y\u00a010\u202f\u00b0C.<\/li>\n<\/ul>","protected":false},"excerpt":{"rendered":"<p>Rosado ecol\u00f3gico de tono sutil con aromas de fresas, ar\u00e1ndanos y ligeras notas l\u00e1cticas; en boca es fresco y equilibrado, dejando una impresi\u00f3n perdurable.<\/p>","protected":false},"featured_media":21479,"comment_status":"open","ping_status":"closed","template":"","meta":[],"product_brand":[],"product_cat":[214,218],"product_tag":[],"class_list":{"0":"post-21478","1":"product","2":"type-product","3":"status-publish","4":"has-post-thumbnail","6":"product_cat-sin-categorizar","7":"product_cat-vino-rosado","9":"first","10":"instock","11":"featured","12":"taxable","13":"shipping-taxable","14":"purchasable","15":"product-type-simple"},"_links":{"self":[{"href":"https:\/\/maduracionyvendimia.es\/en\/wp-json\/wp\/v2\/product\/21478","targetHints":{"allow":["GET"]}}],"collection":[{"href":"https:\/\/maduracionyvendimia.es\/en\/wp-json\/wp\/v2\/product"}],"about":[{"href":"https:\/\/maduracionyvendimia.es\/en\/wp-json\/wp\/v2\/types\/product"}],"replies":[{"embeddable":true,"href":"https:\/\/maduracionyvendimia.es\/en\/wp-json\/wp\/v2\/comments?post=21478"}],"wp:featuredmedia":[{"embeddable":true,"href":"https:\/\/maduracionyvendimia.es\/en\/wp-json\/wp\/v2\/media\/21479"}],"wp:attachment":[{"href":"https:\/\/maduracionyvendimia.es\/en\/wp-json\/wp\/v2\/media?parent=21478"}],"wp:term":[{"taxonomy":"product_brand","embeddable":true,"href":"https:\/\/maduracionyvendimia.es\/en\/wp-json\/wp\/v2\/product_brand?post=21478"},{"taxonomy":"product_cat","embeddable":true,"href":"https:\/\/maduracionyvendimia.es\/en\/wp-json\/wp\/v2\/product_cat?post=21478"},{"taxonomy":"product_tag","embeddable":true,"href":"https:\/\/maduracionyvendimia.es\/en\/wp-json\/wp\/v2\/product_tag?post=21478"}],"curies":[{"name":"wp","href":"https:\/\/api.w.org\/{rel}","templated":true}]}}