{"id":21737,"date":"2026-02-10T10:07:30","date_gmt":"2026-02-10T09:07:30","guid":{"rendered":"https:\/\/maduracionyvendimia.es\/?post_type=product&#038;p=21737"},"modified":"2026-02-25T09:45:39","modified_gmt":"2026-02-25T08:45:39","slug":"gin-if-premium","status":"publish","type":"product","link":"https:\/\/maduracionyvendimia.es\/ca\/product\/gin-if-premium\/","title":{"rendered":"Gin iF Premium"},"content":{"rendered":"<p data-start=\"418\" data-end=\"672\">Gin IF neix inspirada en una recepta original dels anys 20, evocant l'esperit de les destil\u00b7leries clandestines i l'eleg\u00e0ncia rebel dels speakeasies novaiorquesos. Una ginebra que ret homenatge a la tradici\u00f3, reinterpretada amb una mirada actual.<\/p>\n<p data-start=\"674\" data-end=\"1039\">Elaborada sota el m\u00e8tode cl\u00e0ssic <strong data-start=\"707\" data-end=\"725\">London Dry Gin<\/strong>, es destil\u00b7la a partir d'alcohol 100% de gra i una cuidada selecci\u00f3 de bot\u00e0nics naturals. El ginebre marca la seva identitat amb fermesa i equilibri, mentre que una combinaci\u00f3 secreta d'ingredients \u2014com cardamom, coriandre, arrel d'ang\u00e8lica i delicades notes herbals\u2014 aporta complexitat i profunditat arom\u00e0tica.<\/p>\n<p data-start=\"1041\" data-end=\"1246\">A la boca es presenta neta, sedosa i estructurada, amb un perfil sec i elegant. El seu car\u00e0cter vers\u00e0til permet gaudir tant en combinacions cl\u00e0ssiques com en propostes gastron\u00f2miques m\u00e9s sofisticades.<\/p>\n<p data-start=\"1248\" data-end=\"1374\">Una ginebra amb hist\u00f2ria, personalitat i equilibri.<br data-start=\"1300\" data-end=\"1303\" \/>Un destil\u00b7lat pensat per als que en valoren el detall i l'autenticitat.<\/p>","protected":false},"excerpt":{"rendered":"<p>Ginebra London Dry elaborada amb alcohol 100% de gra i bot\u00e0nics naturals. Equilibrada, arom\u00e0tica i amb predomini de ginebre, ofereix un perfil sec i elegant inspirat en les receptes clandestines dels anys 20.<\/p>","protected":false},"featured_media":21738,"comment_status":"open","ping_status":"closed","template":"","meta":[],"product_brand":[],"product_cat":[220],"product_tag":[],"class_list":{"0":"post-21737","1":"product","2":"type-product","3":"status-publish","4":"has-post-thumbnail","6":"product_cat-otros","8":"first","9":"instock","10":"taxable","11":"shipping-taxable","12":"purchasable","13":"product-type-simple"},"_links":{"self":[{"href":"https:\/\/maduracionyvendimia.es\/ca\/wp-json\/wp\/v2\/product\/21737","targetHints":{"allow":["GET"]}}],"collection":[{"href":"https:\/\/maduracionyvendimia.es\/ca\/wp-json\/wp\/v2\/product"}],"about":[{"href":"https:\/\/maduracionyvendimia.es\/ca\/wp-json\/wp\/v2\/types\/product"}],"replies":[{"embeddable":true,"href":"https:\/\/maduracionyvendimia.es\/ca\/wp-json\/wp\/v2\/comments?post=21737"}],"wp:featuredmedia":[{"embeddable":true,"href":"https:\/\/maduracionyvendimia.es\/ca\/wp-json\/wp\/v2\/media\/21738"}],"wp:attachment":[{"href":"https:\/\/maduracionyvendimia.es\/ca\/wp-json\/wp\/v2\/media?parent=21737"}],"wp:term":[{"taxonomy":"product_brand","embeddable":true,"href":"https:\/\/maduracionyvendimia.es\/ca\/wp-json\/wp\/v2\/product_brand?post=21737"},{"taxonomy":"product_cat","embeddable":true,"href":"https:\/\/maduracionyvendimia.es\/ca\/wp-json\/wp\/v2\/product_cat?post=21737"},{"taxonomy":"product_tag","embeddable":true,"href":"https:\/\/maduracionyvendimia.es\/ca\/wp-json\/wp\/v2\/product_tag?post=21737"}],"curies":[{"name":"wp","href":"https:\/\/api.w.org\/{rel}","templated":true}]}}