{"id":21512,"date":"2026-01-07T10:18:37","date_gmt":"2026-01-07T09:18:37","guid":{"rendered":"https:\/\/maduracionyvendimia.es\/?post_type=product&#038;p=21512"},"modified":"2026-02-26T09:44:08","modified_gmt":"2026-02-26T08:44:08","slug":"7-sentidos-blanco","status":"publish","type":"product","link":"https:\/\/maduracionyvendimia.es\/ca\/product\/7-sentidos-blanco\/","title":{"rendered":"7 Sentidos Blanco (Ecol\u00f2gic)"},"content":{"rendered":"<ul>\n<li><strong>Varietats i vinyes:<\/strong> Garnatxa\u00a0Blanca i\u00a0Macabeu procedents de vinyes en pendents pronunciats.<\/li>\n<li><strong>Verema i elaboraci\u00f3:<\/strong> Verema manual en caixes de 15kg amb selecci\u00f3 de ra\u00efms. Premsat suau a temperatura controlada; fermentaci\u00f3 d'aproximadament nou dies; crian\u00e7a de sis mesos en b\u00f3tes de roure franc\u00e8s.<\/li>\n<li><strong>Nota de tast:<\/strong> Vi sec i ple d'aromes fruiters (pera, poma, flors blanques); presenta una estructura equilibrada i deliciosa i una llarga persist\u00e8ncia.<\/li>\n<li><strong>Maridatge i servei:<\/strong> Perfecte amb peix blanc, arrossos, verdures al forn i formatges suaus. Servir entre 8\u00a0i\u00a010\u00b0C.<\/li>\n<\/ul>","protected":false},"excerpt":{"rendered":"<p>Vi blanc de muntanya amb alma ecol\u00f2gica. Tras una fermentaci\u00f3 i crian\u00e7a de sis mesos en roble franc\u00e8s, mostra complejitat i equilibri amb aromes que recorden a pera, manzana i flors blanques i una llarga persist\u00e8ncia en boca.<\/p>","protected":false},"featured_media":21513,"comment_status":"open","ping_status":"closed","template":"","meta":[],"product_brand":[],"product_cat":[214,217],"product_tag":[],"class_list":{"0":"post-21512","1":"product","2":"type-product","3":"status-publish","4":"has-post-thumbnail","6":"product_cat-sin-categorizar","7":"product_cat-vino-blanco","9":"first","10":"instock","11":"featured","12":"taxable","13":"shipping-taxable","14":"purchasable","15":"product-type-simple"},"_links":{"self":[{"href":"https:\/\/maduracionyvendimia.es\/ca\/wp-json\/wp\/v2\/product\/21512","targetHints":{"allow":["GET"]}}],"collection":[{"href":"https:\/\/maduracionyvendimia.es\/ca\/wp-json\/wp\/v2\/product"}],"about":[{"href":"https:\/\/maduracionyvendimia.es\/ca\/wp-json\/wp\/v2\/types\/product"}],"replies":[{"embeddable":true,"href":"https:\/\/maduracionyvendimia.es\/ca\/wp-json\/wp\/v2\/comments?post=21512"}],"wp:featuredmedia":[{"embeddable":true,"href":"https:\/\/maduracionyvendimia.es\/ca\/wp-json\/wp\/v2\/media\/21513"}],"wp:attachment":[{"href":"https:\/\/maduracionyvendimia.es\/ca\/wp-json\/wp\/v2\/media?parent=21512"}],"wp:term":[{"taxonomy":"product_brand","embeddable":true,"href":"https:\/\/maduracionyvendimia.es\/ca\/wp-json\/wp\/v2\/product_brand?post=21512"},{"taxonomy":"product_cat","embeddable":true,"href":"https:\/\/maduracionyvendimia.es\/ca\/wp-json\/wp\/v2\/product_cat?post=21512"},{"taxonomy":"product_tag","embeddable":true,"href":"https:\/\/maduracionyvendimia.es\/ca\/wp-json\/wp\/v2\/product_tag?post=21512"}],"curies":[{"name":"wp","href":"https:\/\/api.w.org\/{rel}","templated":true}]}}