{"id":21489,"date":"2025-12-19T14:56:29","date_gmt":"2025-12-19T13:56:29","guid":{"rendered":"https:\/\/maduracionyvendimia.es\/?post_type=product&#038;p=21489"},"modified":"2026-02-26T09:41:42","modified_gmt":"2026-02-26T08:41:42","slug":"nacional-122-roble","status":"publish","type":"product","link":"https:\/\/maduracionyvendimia.es\/ca\/product\/nacional-122-roble\/","title":{"rendered":"Nacional 122 Roure"},"content":{"rendered":"<ul>\n<li><strong>Varietat i vinyes:<\/strong> 100% Tempranillo de vinyes a Padilla delDuero i Pesquera delDuero.<\/li>\n<li><strong>Verema i elaboraci\u00f3:<\/strong> Verema manual nocturna en caixes de 15kg. Maceraci\u00f3 en fred de 60 hores en atmosfera inert; fermentaci\u00f3 de 11\u00a0dies a 24\u201326\u00b0C en tancs c\u00f2nics de 17\u00a0000\u00a0L; fermentaci\u00f3 malol\u00e0ctica en dip\u00f2sit d'acer amb mares fines i battonatge. Crian\u00e7a de 18 setmanes en b\u00f3tes de roure americ\u00e0 i franc\u00e8s.<\/li>\n<li><strong>Nota de tast:<\/strong> Color vermell cirera amb reflexos morats; aromes de fruits del bosc (gerds i cireres) i prunes al costat de subtils notes especiades; a la boca mant\u00e9 la seva complexitat i una acidesa equilibrada.<\/li>\n<li><strong>Maridatge i servei:<\/strong> Ideal amb plats de pasta, tapes, carns blanques, embotits i barbacoa. Servir entre 14\u00a0i\u00a016\u00b0C.<\/li>\n<\/ul>","protected":false},"excerpt":{"rendered":"<p>Ull de llebre jove envellit 18\u00a0setmanes en roure americ\u00e0 i franc\u00e8s. Mostra un color vermell cirera amb reflexos morats i despr\u00e8n aromes de gerds, cireres i prunes molt ben entrella\u00e7ats amb notes especiades de fusta; a la boca \u00e9s sincer i equilibrat.<\/p>","protected":false},"featured_media":21483,"comment_status":"open","ping_status":"closed","template":"","meta":[],"product_brand":[],"product_cat":[214,216],"product_tag":[],"class_list":{"0":"post-21489","1":"product","2":"type-product","3":"status-publish","4":"has-post-thumbnail","6":"product_cat-sin-categorizar","7":"product_cat-vino-tinto","9":"first","10":"instock","11":"taxable","12":"shipping-taxable","13":"purchasable","14":"product-type-simple"},"_links":{"self":[{"href":"https:\/\/maduracionyvendimia.es\/ca\/wp-json\/wp\/v2\/product\/21489","targetHints":{"allow":["GET"]}}],"collection":[{"href":"https:\/\/maduracionyvendimia.es\/ca\/wp-json\/wp\/v2\/product"}],"about":[{"href":"https:\/\/maduracionyvendimia.es\/ca\/wp-json\/wp\/v2\/types\/product"}],"replies":[{"embeddable":true,"href":"https:\/\/maduracionyvendimia.es\/ca\/wp-json\/wp\/v2\/comments?post=21489"}],"wp:featuredmedia":[{"embeddable":true,"href":"https:\/\/maduracionyvendimia.es\/ca\/wp-json\/wp\/v2\/media\/21483"}],"wp:attachment":[{"href":"https:\/\/maduracionyvendimia.es\/ca\/wp-json\/wp\/v2\/media?parent=21489"}],"wp:term":[{"taxonomy":"product_brand","embeddable":true,"href":"https:\/\/maduracionyvendimia.es\/ca\/wp-json\/wp\/v2\/product_brand?post=21489"},{"taxonomy":"product_cat","embeddable":true,"href":"https:\/\/maduracionyvendimia.es\/ca\/wp-json\/wp\/v2\/product_cat?post=21489"},{"taxonomy":"product_tag","embeddable":true,"href":"https:\/\/maduracionyvendimia.es\/ca\/wp-json\/wp\/v2\/product_tag?post=21489"}],"curies":[{"name":"wp","href":"https:\/\/api.w.org\/{rel}","templated":true}]}}