{"id":21488,"date":"2025-12-19T14:55:12","date_gmt":"2025-12-19T13:55:12","guid":{"rendered":"https:\/\/maduracionyvendimia.es\/?post_type=product&#038;p=21488"},"modified":"2026-02-26T09:42:23","modified_gmt":"2026-02-26T08:42:23","slug":"nacional-122-crianza","status":"publish","type":"product","link":"https:\/\/maduracionyvendimia.es\/ca\/product\/nacional-122-crianza\/","title":{"rendered":"Nacional 122 Crian\u00e7a"},"content":{"rendered":"<ul>\n<li><strong>Varietat i vinyes:<\/strong> 100% Tempranillo de vinyes pr\u00f2pies a Padilla delDuero i Pesquera delDuero amb rendiments limitats.<\/li>\n<li><strong>Verema i elaboraci\u00f3:<\/strong> Verema manual en caixes de 15kg. Selecci\u00f3 de grans, desrapat i suau trepitjat. Maceraci\u00f3 pre-fermentativa en fred per extreure aromes. Fermentaci\u00f3 alcoh\u00f2lica de 12 dies a 26 \u00b0 C en tancs troncoc\u00f2nics de 17 000 L. Fermentaci\u00f3 malol\u00e0ctica en dip\u00f2sit d'acer inoxidable amb lies fines i battonage. Crian\u00e7a de 60\u00a0setmanes en b\u00f3tes de roure americ\u00e0 i franc\u00e8s.<\/li>\n<li><strong>Nota de tast:<\/strong> Color vermell rob\u00ed; aromes de fruits vermells (groselles), regal\u00e8ssia i esp\u00e8cies; a la boca \u00e9s untu\u00f3s i potent per\u00f2 elegant, amb tanins madurs i final llarg.<\/li>\n<li><strong>Maridatge i servei:<\/strong> Excel\u00b7lent amb carns vermelles, ca\u00e7a, estofats, formatges curats i plats tradicionals castellans. Servir entre 16\u00a0i\u00a018\u00b0C.<\/li>\n<\/ul>","protected":false},"excerpt":{"rendered":"<p>Ull de llebre de terroir amb crian\u00e7a de 60 setmanes en roure americ\u00e0 i franc\u00e8s. Exhibeix un atractiu vermell rob\u00ed de capa mitjana-alta, aromes complexes de groselles, regal\u00e8ssia i notes especiades derivades de la b\u00f3ta i un final llarg amb tanins madurs.<\/p>","protected":false},"featured_media":21482,"comment_status":"open","ping_status":"closed","template":"","meta":[],"product_brand":[],"product_cat":[214,216],"product_tag":[],"class_list":{"0":"post-21488","1":"product","2":"type-product","3":"status-publish","4":"has-post-thumbnail","6":"product_cat-sin-categorizar","7":"product_cat-vino-tinto","9":"first","10":"instock","11":"featured","12":"taxable","13":"shipping-taxable","14":"purchasable","15":"product-type-simple"},"_links":{"self":[{"href":"https:\/\/maduracionyvendimia.es\/ca\/wp-json\/wp\/v2\/product\/21488","targetHints":{"allow":["GET"]}}],"collection":[{"href":"https:\/\/maduracionyvendimia.es\/ca\/wp-json\/wp\/v2\/product"}],"about":[{"href":"https:\/\/maduracionyvendimia.es\/ca\/wp-json\/wp\/v2\/types\/product"}],"replies":[{"embeddable":true,"href":"https:\/\/maduracionyvendimia.es\/ca\/wp-json\/wp\/v2\/comments?post=21488"}],"wp:featuredmedia":[{"embeddable":true,"href":"https:\/\/maduracionyvendimia.es\/ca\/wp-json\/wp\/v2\/media\/21482"}],"wp:attachment":[{"href":"https:\/\/maduracionyvendimia.es\/ca\/wp-json\/wp\/v2\/media?parent=21488"}],"wp:term":[{"taxonomy":"product_brand","embeddable":true,"href":"https:\/\/maduracionyvendimia.es\/ca\/wp-json\/wp\/v2\/product_brand?post=21488"},{"taxonomy":"product_cat","embeddable":true,"href":"https:\/\/maduracionyvendimia.es\/ca\/wp-json\/wp\/v2\/product_cat?post=21488"},{"taxonomy":"product_tag","embeddable":true,"href":"https:\/\/maduracionyvendimia.es\/ca\/wp-json\/wp\/v2\/product_tag?post=21488"}],"curies":[{"name":"wp","href":"https:\/\/api.w.org\/{rel}","templated":true}]}}