{"id":21487,"date":"2025-12-19T14:53:40","date_gmt":"2025-12-19T13:53:40","guid":{"rendered":"https:\/\/maduracionyvendimia.es\/?post_type=product&#038;p=21487"},"modified":"2026-02-25T09:47:42","modified_gmt":"2026-02-25T08:47:42","slug":"terra-do-mar-albarino","status":"publish","type":"product","link":"https:\/\/maduracionyvendimia.es\/ca\/product\/terra-do-mar-albarino\/","title":{"rendered":"Terra do Mar Albari\u00f1o"},"content":{"rendered":"<ul>\n<li><strong>Varietat i vinyes:<\/strong> 100% Albarinyo de vinyes centen\u00e0ries situades a Cambados (R\u00edas Baixas) cultivades amb passi\u00f3 per tres generacions.<\/li>\n<li><strong>Verema i elaboraci\u00f3:<\/strong> Selecci\u00f3 de ra\u00efms durant la collita. Verema manual en clarejar en el moment \u00f2ptim. Fermentaci\u00f3 alcoh\u00f2lica a temperatura controlada a dip\u00f2sits d'acer inoxidable. Fermentaci\u00f3 malol\u00e0ctica parcial per aportar cremositat i equilibri.<\/li>\n<li><strong>Nota de tast:<\/strong> Groc palla amb reflexes verds; aromes de poma verda, fruita de pinyol, flors blanques i fenc; en boca \u00e9s rod\u00f3, amb acidesa integrada i notes salines al retrogust.<\/li>\n<li><strong>Maridatge i servei:<\/strong> Ideal amb marisc, pop a la gallega, arrossos mariners i peixos al vapor. Servir entre 8\u00a0i\u00a010\u00b0C.<\/li>\n<\/ul>","protected":false},"excerpt":{"rendered":"<p>Vi blanc atl\u00e0ntic amb car\u00e0cter de frescor i equilibri. De color groc palla amb centelleigs verdosos, desplega aromes de poma verda, fruites de pinyol i tocs de flors blanques i fenc; a la boca \u00e9s rod\u00f3, amb acidesa integrada i retrogust floral i sal\u00ed.<\/p>","protected":false},"featured_media":21472,"comment_status":"open","ping_status":"closed","template":"","meta":[],"product_brand":[],"product_cat":[214,217],"product_tag":[],"class_list":{"0":"post-21487","1":"product","2":"type-product","3":"status-publish","4":"has-post-thumbnail","6":"product_cat-sin-categorizar","7":"product_cat-vino-blanco","9":"first","10":"instock","11":"taxable","12":"shipping-taxable","13":"purchasable","14":"product-type-simple"},"_links":{"self":[{"href":"https:\/\/maduracionyvendimia.es\/ca\/wp-json\/wp\/v2\/product\/21487","targetHints":{"allow":["GET"]}}],"collection":[{"href":"https:\/\/maduracionyvendimia.es\/ca\/wp-json\/wp\/v2\/product"}],"about":[{"href":"https:\/\/maduracionyvendimia.es\/ca\/wp-json\/wp\/v2\/types\/product"}],"replies":[{"embeddable":true,"href":"https:\/\/maduracionyvendimia.es\/ca\/wp-json\/wp\/v2\/comments?post=21487"}],"wp:featuredmedia":[{"embeddable":true,"href":"https:\/\/maduracionyvendimia.es\/ca\/wp-json\/wp\/v2\/media\/21472"}],"wp:attachment":[{"href":"https:\/\/maduracionyvendimia.es\/ca\/wp-json\/wp\/v2\/media?parent=21487"}],"wp:term":[{"taxonomy":"product_brand","embeddable":true,"href":"https:\/\/maduracionyvendimia.es\/ca\/wp-json\/wp\/v2\/product_brand?post=21487"},{"taxonomy":"product_cat","embeddable":true,"href":"https:\/\/maduracionyvendimia.es\/ca\/wp-json\/wp\/v2\/product_cat?post=21487"},{"taxonomy":"product_tag","embeddable":true,"href":"https:\/\/maduracionyvendimia.es\/ca\/wp-json\/wp\/v2\/product_tag?post=21487"}],"curies":[{"name":"wp","href":"https:\/\/api.w.org\/{rel}","templated":true}]}}