{"id":21486,"date":"2025-12-19T14:52:03","date_gmt":"2025-12-19T13:52:03","guid":{"rendered":"https:\/\/maduracionyvendimia.es\/?post_type=product&#038;p=21486"},"modified":"2026-02-25T09:47:56","modified_gmt":"2026-02-25T08:47:56","slug":"amor-verde-verdejo-ecologico","status":"publish","type":"product","link":"https:\/\/maduracionyvendimia.es\/ca\/product\/amor-verde-verdejo-ecologico\/","title":{"rendered":"Amor Verde Verdejo (Ecol\u00f2gic)"},"content":{"rendered":"<ul>\n<li><strong>Varietat i vinyes:<\/strong> 100% Verdejo de vinyes plantades el 2010 en vessants pedregosos amb subs\u00f2l argil\u00f3s-calcari.<\/li>\n<li><strong>Verema i elaboraci\u00f3:<\/strong> Collita nocturna mec\u00e0nica per mantenir la frescor. Premsat suau a temperatura \u00f2ptima; fermentaci\u00f3 d'uns 20 dies en dip\u00f2sits d'acer inoxidable a 15\u00b0C.<\/li>\n<li><strong>Nota de tast:<\/strong> Color groc palla amb centelleigs verds; aromes de fruites blanques (poma i pera) i notes bals\u00e0miques de fenc, fonoll i an\u00eds; mineral, delicat i elegant.<\/li>\n<li><strong>Maridatge i servei:<\/strong> Perfecte amb peixos grassos, arrossos melosos, formatges frescos i plats especiats del sud-est asi\u00e0tic. Servir entre 8\u00a0i\u00a010\u00b0C.<\/li>\n<\/ul>","protected":false},"excerpt":{"rendered":"<p>Sublim i essencial, mostra tons grocs palla amb centelleigs verds, aromes de poma, pera i bals\u00e0mics de fonoll, fenc i an\u00eds; mineral i elegant.<\/p>","protected":false},"featured_media":21484,"comment_status":"open","ping_status":"closed","template":"","meta":[],"product_brand":[],"product_cat":[214,217],"product_tag":[],"class_list":{"0":"post-21486","1":"product","2":"type-product","3":"status-publish","4":"has-post-thumbnail","6":"product_cat-sin-categorizar","7":"product_cat-vino-blanco","9":"first","10":"instock","11":"featured","12":"taxable","13":"shipping-taxable","14":"purchasable","15":"product-type-simple"},"_links":{"self":[{"href":"https:\/\/maduracionyvendimia.es\/ca\/wp-json\/wp\/v2\/product\/21486","targetHints":{"allow":["GET"]}}],"collection":[{"href":"https:\/\/maduracionyvendimia.es\/ca\/wp-json\/wp\/v2\/product"}],"about":[{"href":"https:\/\/maduracionyvendimia.es\/ca\/wp-json\/wp\/v2\/types\/product"}],"replies":[{"embeddable":true,"href":"https:\/\/maduracionyvendimia.es\/ca\/wp-json\/wp\/v2\/comments?post=21486"}],"wp:featuredmedia":[{"embeddable":true,"href":"https:\/\/maduracionyvendimia.es\/ca\/wp-json\/wp\/v2\/media\/21484"}],"wp:attachment":[{"href":"https:\/\/maduracionyvendimia.es\/ca\/wp-json\/wp\/v2\/media?parent=21486"}],"wp:term":[{"taxonomy":"product_brand","embeddable":true,"href":"https:\/\/maduracionyvendimia.es\/ca\/wp-json\/wp\/v2\/product_brand?post=21486"},{"taxonomy":"product_cat","embeddable":true,"href":"https:\/\/maduracionyvendimia.es\/ca\/wp-json\/wp\/v2\/product_cat?post=21486"},{"taxonomy":"product_tag","embeddable":true,"href":"https:\/\/maduracionyvendimia.es\/ca\/wp-json\/wp\/v2\/product_tag?post=21486"}],"curies":[{"name":"wp","href":"https:\/\/api.w.org\/{rel}","templated":true}]}}