{"id":21480,"date":"2025-12-19T14:46:29","date_gmt":"2025-12-19T13:46:29","guid":{"rendered":"https:\/\/maduracionyvendimia.es\/?post_type=product&#038;p=21480"},"modified":"2026-03-05T19:30:07","modified_gmt":"2026-03-05T18:30:07","slug":"amor-verde-sauvignon-blanc","status":"publish","type":"product","link":"https:\/\/maduracionyvendimia.es\/ca\/product\/amor-verde-sauvignon-blanc\/","title":{"rendered":"Amor Verde Sauvignon Blanc (Ecol\u00f2gic)"},"content":{"rendered":"<ul>\n<li><strong>Varietat i vinyes:<\/strong> 100\u00a0%\u00a0Sauvignon\u00a0Blanc plantat el 2008 en vessants pedregosos amb subs\u00f2l argil\u00f3s-calcari.<\/li>\n<li><strong>Verema i elaboraci\u00f3:<\/strong> Collita nocturna mec\u00e0nica per preservar la frescor. Premsat suau a baixa temperatura en atmosfera inert. Fermentaci\u00f3 de vint dies a dip\u00f2sits d'acer inoxidable a 15\u00b0C.<\/li>\n<li><strong>Nota de tast:<\/strong> Color groc p\u00e0l\u00b7lid amb reflexes verds; aromes tropicals de pinya, aranja i mel\u00f3; a la boca \u00e9s fresc, complex i persistent.<\/li>\n<li><strong>Maridatge i servei:<\/strong> Ideal amb marisc, ceviches, amanides c\u00edtriques, cuina asi\u00e0tica i formatges de cabra. Servir entre 6\u00a0i\u00a08\u00b0C.<\/li>\n<\/ul>","protected":false},"excerpt":{"rendered":"<p>Blanc tropical i elegant de color groc p\u00e0l\u00b7lid amb centelleigs verdosos. Presenta notes de fruites fresques amb tocs de pinya, aranja i mel\u00f3 i un final fresc, rod\u00f3 i durador.<\/p>","protected":false},"featured_media":21481,"comment_status":"open","ping_status":"closed","template":"","meta":[],"product_brand":[],"product_cat":[214,217],"product_tag":[],"class_list":{"0":"post-21480","1":"product","2":"type-product","3":"status-publish","4":"has-post-thumbnail","6":"product_cat-sin-categorizar","7":"product_cat-vino-blanco","9":"first","10":"instock","11":"taxable","12":"shipping-taxable","13":"purchasable","14":"product-type-simple"},"_links":{"self":[{"href":"https:\/\/maduracionyvendimia.es\/ca\/wp-json\/wp\/v2\/product\/21480","targetHints":{"allow":["GET"]}}],"collection":[{"href":"https:\/\/maduracionyvendimia.es\/ca\/wp-json\/wp\/v2\/product"}],"about":[{"href":"https:\/\/maduracionyvendimia.es\/ca\/wp-json\/wp\/v2\/types\/product"}],"replies":[{"embeddable":true,"href":"https:\/\/maduracionyvendimia.es\/ca\/wp-json\/wp\/v2\/comments?post=21480"}],"wp:featuredmedia":[{"embeddable":true,"href":"https:\/\/maduracionyvendimia.es\/ca\/wp-json\/wp\/v2\/media\/21481"}],"wp:attachment":[{"href":"https:\/\/maduracionyvendimia.es\/ca\/wp-json\/wp\/v2\/media?parent=21480"}],"wp:term":[{"taxonomy":"product_brand","embeddable":true,"href":"https:\/\/maduracionyvendimia.es\/ca\/wp-json\/wp\/v2\/product_brand?post=21480"},{"taxonomy":"product_cat","embeddable":true,"href":"https:\/\/maduracionyvendimia.es\/ca\/wp-json\/wp\/v2\/product_cat?post=21480"},{"taxonomy":"product_tag","embeddable":true,"href":"https:\/\/maduracionyvendimia.es\/ca\/wp-json\/wp\/v2\/product_tag?post=21480"}],"curies":[{"name":"wp","href":"https:\/\/api.w.org\/{rel}","templated":true}]}}