{"id":21478,"date":"2025-12-19T14:42:30","date_gmt":"2025-12-19T13:42:30","guid":{"rendered":"https:\/\/maduracionyvendimia.es\/?post_type=product&#038;p=21478"},"modified":"2026-02-25T09:48:25","modified_gmt":"2026-02-25T08:48:25","slug":"7-sentidos-rosado-ecologico","status":"publish","type":"product","link":"https:\/\/maduracionyvendimia.es\/ca\/product\/7-sentidos-rosado-ecologico\/","title":{"rendered":"7 Sentidos Rosado (Ecol\u00f2gic)"},"content":{"rendered":"<ul>\n<li><strong>Variedad y vi\u00f1edo:<\/strong> Garnatxa\u00a0Tinta cultivada en vessants pronunciats mitjan\u00e7ant pr\u00e0ctiques agr\u00edcoles que respecten els cicles naturals.<\/li>\n<li><strong>Verema i elaboraci\u00f3:<\/strong> Verema manual en caixes de 15kg i selecci\u00f3 de ra\u00efms. Suau premsat a baixa temperatura per obtenir un most floral; contacte breu amb pells en acer inoxidable per aconseguir el to rosa p\u00e0l\u00b7lid.<\/li>\n<li><strong>Nota de tast:<\/strong> Color rosa p\u00e0l\u00b7lid similar a la pell de ceba; aromes de fruits del bosc i notes l\u00e0ctiques; sabor fresc i equilibrat amb final llarg.<\/li>\n<li><strong>Maridatge i servei:<\/strong> Acompanya amanides, sushi, cuina asi\u00e0tica, cuina mediterr\u00e0nia lleugera i postres de fruita. Servir entre 8\u00a0i\u00a010\u00b0C.<\/li>\n<\/ul>","protected":false},"excerpt":{"rendered":"<p>Rosat ecol\u00f2gic de to subtil amb aromes de maduixes, nabius i lleugeres notes l\u00e0ctiques; a la boca \u00e9s fresc i equilibrat, deixant una impressi\u00f3 perdurable.<\/p>","protected":false},"featured_media":21479,"comment_status":"open","ping_status":"closed","template":"","meta":[],"product_brand":[],"product_cat":[214,218],"product_tag":[],"class_list":{"0":"post-21478","1":"product","2":"type-product","3":"status-publish","4":"has-post-thumbnail","6":"product_cat-sin-categorizar","7":"product_cat-vino-rosado","9":"first","10":"instock","11":"featured","12":"taxable","13":"shipping-taxable","14":"purchasable","15":"product-type-simple"},"_links":{"self":[{"href":"https:\/\/maduracionyvendimia.es\/ca\/wp-json\/wp\/v2\/product\/21478","targetHints":{"allow":["GET"]}}],"collection":[{"href":"https:\/\/maduracionyvendimia.es\/ca\/wp-json\/wp\/v2\/product"}],"about":[{"href":"https:\/\/maduracionyvendimia.es\/ca\/wp-json\/wp\/v2\/types\/product"}],"replies":[{"embeddable":true,"href":"https:\/\/maduracionyvendimia.es\/ca\/wp-json\/wp\/v2\/comments?post=21478"}],"wp:featuredmedia":[{"embeddable":true,"href":"https:\/\/maduracionyvendimia.es\/ca\/wp-json\/wp\/v2\/media\/21479"}],"wp:attachment":[{"href":"https:\/\/maduracionyvendimia.es\/ca\/wp-json\/wp\/v2\/media?parent=21478"}],"wp:term":[{"taxonomy":"product_brand","embeddable":true,"href":"https:\/\/maduracionyvendimia.es\/ca\/wp-json\/wp\/v2\/product_brand?post=21478"},{"taxonomy":"product_cat","embeddable":true,"href":"https:\/\/maduracionyvendimia.es\/ca\/wp-json\/wp\/v2\/product_cat?post=21478"},{"taxonomy":"product_tag","embeddable":true,"href":"https:\/\/maduracionyvendimia.es\/ca\/wp-json\/wp\/v2\/product_tag?post=21478"}],"curies":[{"name":"wp","href":"https:\/\/api.w.org\/{rel}","templated":true}]}}