{"id":21476,"date":"2025-12-19T14:38:25","date_gmt":"2025-12-19T13:38:25","guid":{"rendered":"https:\/\/maduracionyvendimia.es\/?post_type=product&#038;p=21476"},"modified":"2026-02-25T09:48:38","modified_gmt":"2026-02-25T08:48:38","slug":"7-sentidos-tinto-ecologico","status":"publish","type":"product","link":"https:\/\/maduracionyvendimia.es\/ca\/product\/7-sentidos-tinto-ecologico\/","title":{"rendered":"7 Sentidos Tinto (Ecol\u00f2gic)"},"content":{"rendered":"<ul>\n<li><strong>Varietats i vinyes:<\/strong> Garnatxa\u00a0Noir, Carinyena i\u00a0Sirah de vessants elevats tractats amb respecte al cicle natural.<\/li>\n<li><strong>Verema i elaboraci\u00f3:<\/strong> Verema manual en caixes de 15kg amb acurada selecci\u00f3 de ra\u00efms. Desrapat manual i fermentaci\u00f3 controlada. Crian\u00e7a de 15 mesos en b\u00f3tes de roure franc\u00e8s.<\/li>\n<li><strong>Nota de tast:<\/strong> Vermell intens amb rivets violacis; aromes de fruits vermells (gerds, grosella) i notes de vainilla, cuir i xocolata; a la boca \u00e9s suau, estructurat i de llarg retrogust.<\/li>\n<li><strong>Maridatge i servei:<\/strong> Acompanya carns vermelles, rostits, bolets i formatges curats. Servir entre 16\u00a0i\u00a018\u00b0C.<\/li>\n<\/ul>","protected":false},"excerpt":{"rendered":"<p>Negre ecol\u00f2gic de color vermell intens que combina pot\u00e8ncia i eleg\u00e0ncia. Al nas presenta aromes de fruits vermells acompanyats de notes de vainilla, cuir i xocolata; a la boca mostra un equilibri perfecte, calma i retrogust persistent.<\/p>","protected":false},"featured_media":21477,"comment_status":"open","ping_status":"closed","template":"","meta":[],"product_brand":[],"product_cat":[214,216],"product_tag":[],"class_list":{"0":"post-21476","1":"product","2":"type-product","3":"status-publish","4":"has-post-thumbnail","6":"product_cat-sin-categorizar","7":"product_cat-vino-tinto","9":"first","10":"instock","11":"taxable","12":"shipping-taxable","13":"purchasable","14":"product-type-simple"},"_links":{"self":[{"href":"https:\/\/maduracionyvendimia.es\/ca\/wp-json\/wp\/v2\/product\/21476","targetHints":{"allow":["GET"]}}],"collection":[{"href":"https:\/\/maduracionyvendimia.es\/ca\/wp-json\/wp\/v2\/product"}],"about":[{"href":"https:\/\/maduracionyvendimia.es\/ca\/wp-json\/wp\/v2\/types\/product"}],"replies":[{"embeddable":true,"href":"https:\/\/maduracionyvendimia.es\/ca\/wp-json\/wp\/v2\/comments?post=21476"}],"wp:featuredmedia":[{"embeddable":true,"href":"https:\/\/maduracionyvendimia.es\/ca\/wp-json\/wp\/v2\/media\/21477"}],"wp:attachment":[{"href":"https:\/\/maduracionyvendimia.es\/ca\/wp-json\/wp\/v2\/media?parent=21476"}],"wp:term":[{"taxonomy":"product_brand","embeddable":true,"href":"https:\/\/maduracionyvendimia.es\/ca\/wp-json\/wp\/v2\/product_brand?post=21476"},{"taxonomy":"product_cat","embeddable":true,"href":"https:\/\/maduracionyvendimia.es\/ca\/wp-json\/wp\/v2\/product_cat?post=21476"},{"taxonomy":"product_tag","embeddable":true,"href":"https:\/\/maduracionyvendimia.es\/ca\/wp-json\/wp\/v2\/product_tag?post=21476"}],"curies":[{"name":"wp","href":"https:\/\/api.w.org\/{rel}","templated":true}]}}