{"id":21578,"date":"2026-01-07T13:07:35","date_gmt":"2026-01-07T12:07:35","guid":{"rendered":"https:\/\/maduracionyvendimia.es\/?page_id=21578"},"modified":"2026-02-24T09:49:52","modified_gmt":"2026-02-24T08:49:52","slug":"aviso-legal","status":"publish","type":"page","link":"https:\/\/maduracionyvendimia.es\/ca\/aviso-legal\/","title":{"rendered":"Aviso legal"},"content":{"rendered":"<div data-elementor-type=\"wp-page\" data-elementor-id=\"21578\" class=\"elementor elementor-21578\">\n\t\t\t\t\t\t<section class=\"elementor-section elementor-top-section elementor-element elementor-element-2b1184b0 elementor-section-boxed elementor-section-height-default elementor-section-height-default sc_fly_static\" data-id=\"2b1184b0\" data-element_type=\"section\" data-e-type=\"section\" data-settings=\"{&quot;background_background&quot;:&quot;classic&quot;}\">\n\t\t\t\t\t\t<div class=\"elementor-container elementor-column-gap-extended\">\n\t\t\t\t\t<div class=\"elementor-column elementor-col-100 elementor-top-column elementor-element elementor-element-153e1c19 sc_content_align_inherit sc_layouts_column_icons_position_left sc_fly_static\" data-id=\"153e1c19\" data-element_type=\"column\" data-e-type=\"column\">\n\t\t\t<div class=\"elementor-widget-wrap elementor-element-populated\">\n\t\t\t\t\t\t<div class=\"elementor-element elementor-element-54db29de sc_fly_static elementor-widget elementor-widget-text-editor\" data-id=\"54db29de\" data-element_type=\"widget\" data-e-type=\"widget\" data-widget_type=\"text-editor.default\">\n\t\t\t\t<div class=\"elementor-widget-container\">\n\t\t\t\t\t\t\t\t\t<p data-start=\"473\" data-end=\"731\">En cumplimiento con el deber de informaci\u00f3n establecido en la <strong data-start=\"535\" data-end=\"566\">Ley 34\/2002, de 11 de julio<\/strong>, de Servicios de la Sociedad de la Informaci\u00f3n y de Comercio Electr\u00f3nico (LSSI-CE), se facilitan a continuaci\u00f3n los datos identificativos del titular del sitio web.<\/p><h4 data-start=\"738\" data-end=\"765\">1. Datos identificativos<\/h4><p data-start=\"767\" data-end=\"1040\"><strong data-start=\"767\" data-end=\"779\">Titular:<\/strong> Maduraci\u00f3n y Vendimia, S.L.<br data-start=\"807\" data-end=\"810\" \/><strong data-start=\"810\" data-end=\"818\">NIF:<\/strong> B67914374<br data-start=\"828\" data-end=\"831\" \/><strong data-start=\"831\" data-end=\"845\">Actividad:<\/strong> Venta y distribuci\u00f3n de vinos y productos relacionados<br data-start=\"900\" data-end=\"903\" \/><strong data-start=\"903\" data-end=\"938\">Correo electr\u00f3nico de contacto:<\/strong> a trav\u00e9s del formulario disponible en el sitio web<br data-start=\"989\" data-end=\"992\" \/><strong data-start=\"992\" data-end=\"1006\">Sitio web:<\/strong> <a class=\"decorated-link cursor-pointer\" target=\"_new\" rel=\"noopener\" data-start=\"1007\" data-end=\"1038\">https:\/\/maduracionyvendimia.es<\/a><\/p><h4 data-start=\"1047\" data-end=\"1061\">2. Usuarios<\/h4><p data-start=\"1063\" data-end=\"1209\">El acceso y\/o uso de este sitio web atribuye la condici\u00f3n de <strong data-start=\"1124\" data-end=\"1135\">usuario<\/strong>, que acepta, desde dicho acceso y\/o uso, las condiciones aqu\u00ed reflejadas.<\/p><p data-start=\"1211\" data-end=\"1417\">El usuario se compromete a hacer un uso adecuado de los contenidos y servicios que Maduraci\u00f3n y Vendimia ofrece a trav\u00e9s de su sitio web y, con car\u00e1cter enunciativo pero no limitativo, a no emplearlos para:<\/p><ul data-start=\"1419\" data-end=\"1772\"><li data-start=\"1419\" data-end=\"1507\"><p data-start=\"1421\" data-end=\"1507\">Realizar actividades il\u00edcitas, ilegales o contrarias a la buena fe y al orden p\u00fablico.<\/p><\/li><li data-start=\"1508\" data-end=\"1652\"><p data-start=\"1510\" data-end=\"1652\">Difundir contenidos de car\u00e1cter racista, xen\u00f3fobo, pornogr\u00e1fico ilegal, de apolog\u00eda del terrorismo o atentatorios contra los derechos humanos.<\/p><\/li><li data-start=\"1653\" data-end=\"1772\"><p data-start=\"1655\" data-end=\"1772\">Provocar da\u00f1os en los sistemas f\u00edsicos y l\u00f3gicos de Maduraci\u00f3n y Vendimia, de sus proveedores o de terceras personas.<\/p><\/li><\/ul><h4 data-start=\"1779\" data-end=\"1819\">3. Propiedad intelectual e industrial<\/h4><p data-start=\"1821\" data-end=\"2183\">Todos los contenidos del sitio web, incluyendo a t\u00edtulo enunciativo pero no limitativo textos, im\u00e1genes, dise\u00f1o gr\u00e1fico, logotipos, iconos, software y c\u00f3digo fuente, son titularidad de Maduraci\u00f3n y Vendimia, S.L., o bien dispone de los derechos necesarios para su uso, y est\u00e1n protegidos por la normativa vigente en materia de propiedad intelectual e industrial.<\/p><p data-start=\"2185\" data-end=\"2377\">Queda expresamente prohibida la reproducci\u00f3n, distribuci\u00f3n, comunicaci\u00f3n p\u00fablica o transformaci\u00f3n, total o parcial, de los contenidos de este sitio web sin la autorizaci\u00f3n expresa del titular.<\/p><h4 data-start=\"2384\" data-end=\"2405\">4. Responsabilidad<\/h4><p data-start=\"2407\" data-end=\"2778\">Maduraci\u00f3n y Vendimia no se hace responsable de los da\u00f1os o perjuicios de cualquier naturaleza que pudieran derivarse del uso del sitio web, incluidos, entre otros, errores u omisiones en los contenidos, falta de disponibilidad del portal o la transmisi\u00f3n de virus o programas maliciosos, a pesar de haber adoptado todas las medidas tecnol\u00f3gicas necesarias para evitarlo.<\/p><h4 data-start=\"2785\" data-end=\"2807\">5. Enlaces externos<\/h4><p data-start=\"2809\" data-end=\"3004\">En el caso de que en el sitio web se dispusiesen enlaces o hiperv\u00ednculos hacia otros sitios de Internet, Maduraci\u00f3n y Vendimia no ejercer\u00e1 ning\u00fan tipo de control sobre dichos sitios y contenidos.<\/p><p data-start=\"3006\" data-end=\"3300\">En ning\u00fan caso Maduraci\u00f3n y Vendimia asumir\u00e1 responsabilidad alguna por los contenidos de alg\u00fan enlace perteneciente a un sitio web ajeno, ni garantizar\u00e1 la disponibilidad t\u00e9cnica, calidad, fiabilidad, exactitud o veracidad de cualquier material o informaci\u00f3n contenida en dichos hiperv\u00ednculos.<\/p><h4 data-start=\"3307\" data-end=\"3343\">6. Protecci\u00f3n de datos personales<\/h4><p data-start=\"3345\" data-end=\"3591\">Maduraci\u00f3n y Vendimia cumple con la normativa vigente en materia de protecci\u00f3n de datos personales, y garantiza el cumplimiento \u00edntegro de las obligaciones dispuestas en el <strong data-start=\"3518\" data-end=\"3553\">Reglamento (UE) 2016\/679 (RGPD)<\/strong> y en la normativa espa\u00f1ola aplicable.<\/p><p data-start=\"3593\" data-end=\"3740\">Toda la informaci\u00f3n relativa al tratamiento de datos personales del usuario se encuentra disponible en la <strong data-start=\"3699\" data-end=\"3725\">Pol\u00edtica de Privadesa<\/strong> del sitio web.<\/p><h4 data-start=\"3747\" data-end=\"3767\">7. Uso de cookies<\/h4><p data-start=\"3769\" data-end=\"4000\">Este sitio web utiliza cookies propias y de terceros para mejorar la experiencia del usuario y analizar el uso del sitio web.<br data-start=\"3894\" data-end=\"3897\" \/>La informaci\u00f3n detallada sobre el uso de cookies se encuentra disponible en la <strong data-start=\"3976\" data-end=\"3999\">Pol\u00edtica de Cookies<\/strong>.<\/p><h4 data-start=\"4007\" data-end=\"4049\">8. Legislaci\u00f3n aplicable y jurisdicci\u00f3n<\/h4><p data-start=\"4051\" data-end=\"4148\">La relaci\u00f3n entre Maduraci\u00f3n y Vendimia y el usuario se regir\u00e1 por la normativa espa\u00f1ola vigente.<\/p><p data-start=\"4150\" data-end=\"4468\">Para la resoluci\u00f3n de cualquier controversia que pudiera surgir con relaci\u00f3n al sitio web o a la actividad desarrollada en el mismo, las partes se someter\u00e1n a los <strong data-start=\"4313\" data-end=\"4384\">Juzgados y Tribunales competentes conforme a la legislaci\u00f3n vigente<\/strong>, salvo que la normativa de protecci\u00f3n al consumidor disponga otro fuero imperativo.<\/p><h4 data-start=\"4475\" data-end=\"4495\">9. Modificaciones<\/h4><p data-start=\"4497\" data-end=\"4746\">Maduraci\u00f3n y Vendimia se reserva el derecho a modificar el presente Aviso Legal en cualquier momento, con el fin de adaptarlo a novedades legislativas o cambios en el sitio web. Se recomienda al usuario revisar peri\u00f3dicamente el contenido del mismo.<\/p>\t\t\t\t\t\t\t\t<\/div>\n\t\t\t\t<\/div>\n\t\t\t\t\t<\/div>\n\t\t<\/div>\n\t\t\t\t\t<\/div>\n\t\t<\/section>\n\t\t\t\t<section class=\"elementor-section elementor-top-section elementor-element elementor-element-7ef86bc8 elementor-section-boxed elementor-section-height-default elementor-section-height-default sc_fly_static\" data-id=\"7ef86bc8\" data-element_type=\"section\" data-e-type=\"section\">\n\t\t\t\t\t\t<div class=\"elementor-container elementor-column-gap-extended\">\n\t\t\t\t\t<div class=\"elementor-column elementor-col-100 elementor-top-column elementor-element elementor-element-19372eea sc_content_align_inherit sc_layouts_column_icons_position_left sc_fly_static\" data-id=\"19372eea\" data-element_type=\"column\" data-e-type=\"column\">\n\t\t\t<div class=\"elementor-widget-wrap elementor-element-populated\">\n\t\t\t\t\t\t<div class=\"elementor-element elementor-element-690b98ed sc_fly_static elementor-widget elementor-widget-spacer\" data-id=\"690b98ed\" data-element_type=\"widget\" data-e-type=\"widget\" data-widget_type=\"spacer.default\">\n\t\t\t\t<div class=\"elementor-widget-container\">\n\t\t\t\t\t\t\t<div class=\"elementor-spacer\">\n\t\t\t<div class=\"elementor-spacer-inner\"><\/div>\n\t\t<\/div>\n\t\t\t\t\t\t<\/div>\n\t\t\t\t<\/div>\n\t\t\t\t\t<\/div>\n\t\t<\/div>\n\t\t\t\t\t<\/div>\n\t\t<\/section>\n\t\t\t\t<\/div>","protected":false},"excerpt":{"rendered":"<p>En cumplimiento con el deber de informaci\u00f3n establecido en la Ley 34\/2002, de 11 de julio, de Servicios de la Sociedad de la Informaci\u00f3n y de Comercio Electr\u00f3nico (LSSI-CE), se&hellip;<\/p>","protected":false},"author":1,"featured_media":0,"parent":0,"menu_order":0,"comment_status":"closed","ping_status":"closed","template":"","meta":{"footnotes":""},"class_list":["post-21578","page","type-page","status-publish","hentry"],"_links":{"self":[{"href":"https:\/\/maduracionyvendimia.es\/ca\/wp-json\/wp\/v2\/pages\/21578","targetHints":{"allow":["GET"]}}],"collection":[{"href":"https:\/\/maduracionyvendimia.es\/ca\/wp-json\/wp\/v2\/pages"}],"about":[{"href":"https:\/\/maduracionyvendimia.es\/ca\/wp-json\/wp\/v2\/types\/page"}],"author":[{"embeddable":true,"href":"https:\/\/maduracionyvendimia.es\/ca\/wp-json\/wp\/v2\/users\/1"}],"replies":[{"embeddable":true,"href":"https:\/\/maduracionyvendimia.es\/ca\/wp-json\/wp\/v2\/comments?post=21578"}],"version-history":[{"count":3,"href":"https:\/\/maduracionyvendimia.es\/ca\/wp-json\/wp\/v2\/pages\/21578\/revisions"}],"predecessor-version":[{"id":21812,"href":"https:\/\/maduracionyvendimia.es\/ca\/wp-json\/wp\/v2\/pages\/21578\/revisions\/21812"}],"wp:attachment":[{"href":"https:\/\/maduracionyvendimia.es\/ca\/wp-json\/wp\/v2\/media?parent=21578"}],"curies":[{"name":"wp","href":"https:\/\/api.w.org\/{rel}","templated":true}]}}