{"id":21550,"date":"2026-01-07T11:52:36","date_gmt":"2026-01-07T10:52:36","guid":{"rendered":"https:\/\/maduracionyvendimia.es\/?page_id=21550"},"modified":"2026-02-24T09:50:22","modified_gmt":"2026-02-24T08:50:22","slug":"politica-de-cookies","status":"publish","type":"page","link":"https:\/\/maduracionyvendimia.es\/ca\/politica-de-cookies\/","title":{"rendered":"Pol\u00edtica de Cookies"},"content":{"rendered":"<div data-elementor-type=\"wp-page\" data-elementor-id=\"21550\" class=\"elementor elementor-21550\">\n\t\t\t\t\t\t<section class=\"elementor-section elementor-top-section elementor-element elementor-element-2b1184b0 elementor-section-boxed elementor-section-height-default elementor-section-height-default sc_fly_static\" data-id=\"2b1184b0\" data-element_type=\"section\" data-e-type=\"section\" data-settings=\"{&quot;background_background&quot;:&quot;classic&quot;}\">\n\t\t\t\t\t\t<div class=\"elementor-container elementor-column-gap-extended\">\n\t\t\t\t\t<div class=\"elementor-column elementor-col-100 elementor-top-column elementor-element elementor-element-153e1c19 sc_content_align_inherit sc_layouts_column_icons_position_left sc_fly_static\" data-id=\"153e1c19\" data-element_type=\"column\" data-e-type=\"column\">\n\t\t\t<div class=\"elementor-widget-wrap elementor-element-populated\">\n\t\t\t\t\t\t<div class=\"elementor-element elementor-element-54db29de sc_fly_static elementor-widget elementor-widget-text-editor\" data-id=\"54db29de\" data-element_type=\"widget\" data-e-type=\"widget\" data-widget_type=\"text-editor.default\">\n\t\t\t\t<div class=\"elementor-widget-container\">\n\t\t\t\t\t\t\t\t\t<h4 data-start=\"705\" data-end=\"729\">\u00bfQu\u00e9 son las cookies?<\/h4><p data-start=\"731\" data-end=\"1032\">Las cookies son peque\u00f1os archivos de texto que se descargan en su dispositivo cuando accede a un sitio web. Estas permiten que el sitio web recuerde informaci\u00f3n sobre su visita, como su idioma preferido u otras opciones, con el fin de facilitar su pr\u00f3xima visita y hacer que el sitio resulte m\u00e1s \u00fatil.<\/p><p data-start=\"1034\" data-end=\"1183\">Las cookies desempe\u00f1an un papel importante para mejorar la experiencia de navegaci\u00f3n del usuario y permitir el correcto funcionamiento del sitio web.<\/p><h4 data-start=\"1190\" data-end=\"1222\">\u00bfC\u00f3mo utilizamos las cookies?<\/h4><p data-start=\"1224\" data-end=\"1315\">Maduraci\u00f3n y Vendimia utiliza <strong data-start=\"1254\" data-end=\"1287\">cookies propias y de terceros<\/strong> con diferentes finalidades.<\/p><h5 data-start=\"1317\" data-end=\"1336\">Cookies propias<\/h5><p data-start=\"1337\" data-end=\"1479\">Son aquellas que se env\u00edan al dispositivo del usuario desde un dominio gestionado por Maduraci\u00f3n y Vendimia y se utilizan principalmente para:<\/p><ul data-start=\"1480\" data-end=\"1597\"><li data-start=\"1480\" data-end=\"1531\"><p data-start=\"1482\" data-end=\"1531\">Permitir el funcionamiento correcto del sitio web<\/p><\/li><li data-start=\"1532\" data-end=\"1565\"><p data-start=\"1534\" data-end=\"1565\">Gestionar la sesi\u00f3n del usuario<\/p><\/li><li data-start=\"1566\" data-end=\"1597\"><p data-start=\"1568\" data-end=\"1597\">Recordar preferencias b\u00e1sicas<\/p><\/li><\/ul><p data-start=\"1599\" data-end=\"1665\">Estas cookies <strong data-start=\"1613\" data-end=\"1664\">no recopilan informaci\u00f3n personal identificable<\/strong>.<\/p><h5 data-start=\"1667\" data-end=\"1690\">Cookies de terceros<\/h5><p data-start=\"1691\" data-end=\"1842\">Son aquellas que se env\u00edan al dispositivo del usuario desde un dominio que no es gestionado por Maduraci\u00f3n y Vendimia. Se utilizan principalmente para:<\/p><ul data-start=\"1843\" data-end=\"2095\"><li data-start=\"1843\" data-end=\"1919\"><p data-start=\"1845\" data-end=\"1919\">Analizar la navegaci\u00f3n y el comportamiento de los usuarios en el sitio web<\/p><\/li><li data-start=\"1920\" data-end=\"1962\"><p data-start=\"1922\" data-end=\"1962\">Medir la audiencia y estad\u00edsticas de uso<\/p><\/li><li data-start=\"1963\" data-end=\"2016\"><p data-start=\"1965\" data-end=\"2016\">Mejorar el rendimiento y la experiencia del usuario<\/p><\/li><li data-start=\"2017\" data-end=\"2095\"><p data-start=\"2019\" data-end=\"2095\">Mostrar contenido o publicidad relacionada con sus intereses, cuando proceda<\/p><\/li><\/ul><h2 data-start=\"2102\" data-end=\"2132\">\u00a0<\/h2><h4 data-start=\"2102\" data-end=\"2132\">Tipos de cookies utilizadas<\/h4><p data-start=\"2134\" data-end=\"2201\">Este sitio web puede utilizar las siguientes categor\u00edas de cookies:<\/p><ul data-start=\"2203\" data-end=\"2842\"><li data-start=\"2203\" data-end=\"2342\"><p data-start=\"2205\" data-end=\"2342\"><strong data-start=\"2205\" data-end=\"2239\">Cookies t\u00e9cnicas o necesarias:<\/strong><br data-start=\"2239\" data-end=\"2242\" \/>Imprescindibles para el funcionamiento del sitio web y no requieren el consentimiento del usuario.<\/p><\/li><li data-start=\"2344\" data-end=\"2509\"><p data-start=\"2346\" data-end=\"2509\"><strong data-start=\"2346\" data-end=\"2370\">Cookies de an\u00e1lisis:<\/strong><br data-start=\"2370\" data-end=\"2373\" \/>Permiten cuantificar el n\u00famero de usuarios y realizar la medici\u00f3n y an\u00e1lisis estad\u00edstico del uso que hacen los usuarios del sitio web.<\/p><\/li><li data-start=\"2511\" data-end=\"2666\"><p data-start=\"2513\" data-end=\"2666\"><strong data-start=\"2513\" data-end=\"2544\">Cookies de personalizaci\u00f3n:<\/strong><br data-start=\"2544\" data-end=\"2547\" \/>Permiten recordar informaci\u00f3n para que el usuario acceda al servicio con determinadas caracter\u00edsticas personalizadas.<\/p><\/li><li data-start=\"2668\" data-end=\"2842\"><p data-start=\"2670\" data-end=\"2842\"><strong data-start=\"2670\" data-end=\"2708\">Cookies de publicidad (si aplica):<\/strong><br data-start=\"2708\" data-end=\"2711\" \/>Permiten gestionar los espacios publicitarios en funci\u00f3n de criterios como el contenido mostrado o la frecuencia de los anuncios.<\/p><\/li><\/ul><h2 data-start=\"2849\" data-end=\"2890\">\u00a0<\/h2><h4 data-start=\"2849\" data-end=\"2890\">Gesti\u00f3n de las preferencias de cookies<\/h4><p data-start=\"2892\" data-end=\"3128\">El usuario puede <strong data-start=\"2909\" data-end=\"2943\">aceptar, rechazar o configurar<\/strong> el uso de cookies en cualquier momento a trav\u00e9s del <strong data-start=\"2996\" data-end=\"3033\">panel de configuraci\u00f3n de cookies<\/strong>, accesible desde el banner de cookies o desde el enlace permanente disponible en el sitio web.<\/p><p data-start=\"3130\" data-end=\"3223\">El usuario puede modificar sus preferencias o retirar su consentimiento en cualquier momento.<\/p><h2 data-start=\"3230\" data-end=\"3260\">\u00a0<\/h2><h4 data-start=\"3230\" data-end=\"3260\">Configuraci\u00f3n del navegador<\/h4><p data-start=\"3262\" data-end=\"3509\">Adem\u00e1s de la gesti\u00f3n desde el propio sitio web, el usuario puede configurar su navegador para permitir, bloquear o eliminar las cookies instaladas en su equipo. A continuaci\u00f3n se facilitan enlaces a la documentaci\u00f3n de los principales navegadores:<\/p><ul data-start=\"3511\" data-end=\"3849\"><li data-start=\"3511\" data-end=\"3584\"><p data-start=\"3513\" data-end=\"3584\"><strong data-start=\"3513\" data-end=\"3531\">Google Chrome:<\/strong><br data-start=\"3531\" data-end=\"3534\" \/><a class=\"decorated-link\" href=\"https:\/\/support.google.com\/accounts\/answer\/32050\" target=\"_new\" rel=\"noopener\" data-start=\"3536\" data-end=\"3584\">https:\/\/support.google.com\/accounts\/answer\/32050<\/a><\/p><\/li><li data-start=\"3586\" data-end=\"3656\"><p data-start=\"3588\" data-end=\"3656\"><strong data-start=\"3588\" data-end=\"3599\">Safari:<\/strong><br data-start=\"3599\" data-end=\"3602\" \/><a class=\"decorated-link cursor-pointer\" target=\"_new\" rel=\"noopener\" data-start=\"3604\" data-end=\"3656\">https:\/\/support.apple.com\/guide\/safari\/sfri11471\/mac<\/a><\/p><\/li><li data-start=\"3658\" data-end=\"3759\"><p data-start=\"3660\" data-end=\"3759\"><strong data-start=\"3660\" data-end=\"3680\">Mozilla Firefox:<\/strong><br data-start=\"3680\" data-end=\"3683\" \/><a class=\"decorated-link cursor-pointer\" target=\"_new\" rel=\"noopener\" data-start=\"3685\" data-end=\"3759\">https:\/\/support.mozilla.org\/es\/kb\/borrar-cookies-y-datos-del-sitio-firefox<\/a><\/p><\/li><li data-start=\"3761\" data-end=\"3849\"><p data-start=\"3763\" data-end=\"3849\"><strong data-start=\"3763\" data-end=\"3802\">Internet Explorer \/ Microsoft Edge:<\/strong><br data-start=\"3802\" data-end=\"3805\" \/><a class=\"decorated-link cursor-pointer\" target=\"_new\" rel=\"noopener\" data-start=\"3807\" data-end=\"3849\">https:\/\/support.microsoft.com\/help\/4027947<\/a><\/p><\/li><\/ul><p data-start=\"3851\" data-end=\"3922\">Si utiliza otro navegador, consulte la documentaci\u00f3n oficial del mismo.<\/p><h2 data-start=\"3929\" data-end=\"3971\">\u00a0<\/h2><h4 data-start=\"3929\" data-end=\"3971\">Actualizaci\u00f3n de la Pol\u00edtica de Cookies<\/h4><p data-start=\"3973\" data-end=\"4152\">Maduraci\u00f3n y Vendimia podr\u00e1 modificar la presente Pol\u00edtica de Cookies en funci\u00f3n de cambios legislativos o t\u00e9cnicos. Se recomienda al usuario revisar esta pol\u00edtica peri\u00f3dicamente.<\/p><h2 data-start=\"4159\" data-end=\"4170\">\u00a0<\/h2><h4 data-start=\"4159\" data-end=\"4170\">Contacte<\/h4><p data-start=\"4172\" data-end=\"4375\">Para cualquier duda relacionada con el uso de cookies en este sitio web, el usuario puede ponerse en contacto con Maduraci\u00f3n y Vendimia a trav\u00e9s del <strong data-start=\"4321\" data-end=\"4374\">formulario de contacto disponible en el sitio web<\/strong>.<\/p><h5><span style=\"color: #333333; font-family: Roboto, sans-serif; font-size: 14px; letter-spacing: 0.1px;\"> read this Privacy Policy, providing consent to both documents in order to have permission to use our services.<\/span><\/h5>\t\t\t\t\t\t\t\t<\/div>\n\t\t\t\t<\/div>\n\t\t\t\t\t<\/div>\n\t\t<\/div>\n\t\t\t\t\t<\/div>\n\t\t<\/section>\n\t\t\t\t<section class=\"elementor-section elementor-top-section elementor-element elementor-element-7ef86bc8 elementor-section-boxed elementor-section-height-default elementor-section-height-default sc_fly_static\" data-id=\"7ef86bc8\" data-element_type=\"section\" data-e-type=\"section\">\n\t\t\t\t\t\t<div class=\"elementor-container elementor-column-gap-extended\">\n\t\t\t\t\t<div class=\"elementor-column elementor-col-100 elementor-top-column elementor-element elementor-element-19372eea sc_content_align_inherit sc_layouts_column_icons_position_left sc_fly_static\" data-id=\"19372eea\" data-element_type=\"column\" data-e-type=\"column\">\n\t\t\t<div class=\"elementor-widget-wrap elementor-element-populated\">\n\t\t\t\t\t\t<div class=\"elementor-element elementor-element-690b98ed sc_fly_static elementor-widget elementor-widget-spacer\" data-id=\"690b98ed\" data-element_type=\"widget\" data-e-type=\"widget\" data-widget_type=\"spacer.default\">\n\t\t\t\t<div class=\"elementor-widget-container\">\n\t\t\t\t\t\t\t<div class=\"elementor-spacer\">\n\t\t\t<div class=\"elementor-spacer-inner\"><\/div>\n\t\t<\/div>\n\t\t\t\t\t\t<\/div>\n\t\t\t\t<\/div>\n\t\t\t\t\t<\/div>\n\t\t<\/div>\n\t\t\t\t\t<\/div>\n\t\t<\/section>\n\t\t\t\t<\/div>","protected":false},"excerpt":{"rendered":"<p>\u00bfQu\u00e9 son las cookies? Las cookies son peque\u00f1os archivos de texto que se descargan en su dispositivo cuando accede a un sitio web. Estas permiten que el sitio web recuerde&hellip;<\/p>","protected":false},"author":1,"featured_media":0,"parent":0,"menu_order":0,"comment_status":"closed","ping_status":"closed","template":"","meta":{"footnotes":""},"class_list":["post-21550","page","type-page","status-publish","hentry"],"_links":{"self":[{"href":"https:\/\/maduracionyvendimia.es\/ca\/wp-json\/wp\/v2\/pages\/21550","targetHints":{"allow":["GET"]}}],"collection":[{"href":"https:\/\/maduracionyvendimia.es\/ca\/wp-json\/wp\/v2\/pages"}],"about":[{"href":"https:\/\/maduracionyvendimia.es\/ca\/wp-json\/wp\/v2\/types\/page"}],"author":[{"embeddable":true,"href":"https:\/\/maduracionyvendimia.es\/ca\/wp-json\/wp\/v2\/users\/1"}],"replies":[{"embeddable":true,"href":"https:\/\/maduracionyvendimia.es\/ca\/wp-json\/wp\/v2\/comments?post=21550"}],"version-history":[{"count":3,"href":"https:\/\/maduracionyvendimia.es\/ca\/wp-json\/wp\/v2\/pages\/21550\/revisions"}],"predecessor-version":[{"id":21815,"href":"https:\/\/maduracionyvendimia.es\/ca\/wp-json\/wp\/v2\/pages\/21550\/revisions\/21815"}],"wp:attachment":[{"href":"https:\/\/maduracionyvendimia.es\/ca\/wp-json\/wp\/v2\/media?parent=21550"}],"curies":[{"name":"wp","href":"https:\/\/api.w.org\/{rel}","templated":true}]}}