{"id":21547,"date":"2026-01-07T11:52:29","date_gmt":"2026-01-07T10:52:29","guid":{"rendered":"https:\/\/maduracionyvendimia.es\/?page_id=21547"},"modified":"2026-02-24T09:50:43","modified_gmt":"2026-02-24T08:50:43","slug":"politica-de-devolucion","status":"publish","type":"page","link":"https:\/\/maduracionyvendimia.es\/ca\/politica-de-devolucion\/","title":{"rendered":"Pol\u00edtica de Devoluci\u00f3"},"content":{"rendered":"<div data-elementor-type=\"wp-page\" data-elementor-id=\"21547\" class=\"elementor elementor-21547\">\n\t\t\t\t\t\t<section class=\"elementor-section elementor-top-section elementor-element elementor-element-2b1184b0 elementor-section-boxed elementor-section-height-default elementor-section-height-default sc_fly_static\" data-id=\"2b1184b0\" data-element_type=\"section\" data-e-type=\"section\" data-settings=\"{&quot;background_background&quot;:&quot;classic&quot;}\">\n\t\t\t\t\t\t<div class=\"elementor-container elementor-column-gap-extended\">\n\t\t\t\t\t<div class=\"elementor-column elementor-col-100 elementor-top-column elementor-element elementor-element-153e1c19 sc_content_align_inherit sc_layouts_column_icons_position_left sc_fly_static\" data-id=\"153e1c19\" data-element_type=\"column\" data-e-type=\"column\">\n\t\t\t<div class=\"elementor-widget-wrap elementor-element-populated\">\n\t\t\t\t\t\t<div class=\"elementor-element elementor-element-54db29de sc_fly_static elementor-widget elementor-widget-text-editor\" data-id=\"54db29de\" data-element_type=\"widget\" data-e-type=\"widget\" data-widget_type=\"text-editor.default\">\n\t\t\t\t<div class=\"elementor-widget-container\">\n\t\t\t\t\t\t\t\t\t<h5>1. Entrega de pedidos<\/h5><p data-start=\"728\" data-end=\"1073\">Maduraci\u00f3n y Vendimia realiza todos los esfuerzos razonables para que los plazos de entrega indicados en la web sean lo m\u00e1s precisos posibles. No obstante, dichos plazos tienen car\u00e1cter <strong data-start=\"914\" data-end=\"943\">estimado y no garantizado<\/strong>, ya que pueden verse afectados por incidencias log\u00edsticas, festivos, condiciones climatol\u00f3gicas o picos excepcionales de demanda.<\/p><p data-start=\"1075\" data-end=\"1210\">En cualquier caso, el plazo m\u00e1ximo de entrega ser\u00e1 el legalmente establecido de <strong data-start=\"1155\" data-end=\"1176\">30 d\u00edas naturales<\/strong> desde la confirmaci\u00f3n del pedido.<\/p><p data-start=\"1212\" data-end=\"1410\">Las entregas se realizan de lunes a viernes, en horario laboral, mediante servicio est\u00e1ndar, <strong data-start=\"1305\" data-end=\"1365\">sin posibilidad de concertar una franja horaria concreta<\/strong> y con <strong data-start=\"1372\" data-end=\"1409\">un intento de entrega garantizado<\/strong>.<\/p><p data-start=\"1412\" data-end=\"1745\">En caso de ausencia del destinatario, el cliente deber\u00e1 contactar con la agencia de transporte para acordar una nueva entrega o la recogida del pedido seg\u00fan las condiciones de dicha agencia. Si el pedido no fuera recogido y fuera devuelto a origen, el cliente asumir\u00e1 los gastos derivados de la devoluci\u00f3n y, en su caso, del reenv\u00edo.<\/p>\t\t\t\t\t\t\t\t<\/div>\n\t\t\t\t<\/div>\n\t\t\t\t\t<\/div>\n\t\t<\/div>\n\t\t\t\t\t<\/div>\n\t\t<\/section>\n\t\t\t\t<section class=\"elementor-section elementor-top-section elementor-element elementor-element-7ef86bc8 elementor-section-boxed elementor-section-height-default elementor-section-height-default sc_fly_static\" data-id=\"7ef86bc8\" data-element_type=\"section\" data-e-type=\"section\">\n\t\t\t\t\t\t<div class=\"elementor-container elementor-column-gap-extended\">\n\t\t\t\t\t<div class=\"elementor-column elementor-col-100 elementor-top-column elementor-element elementor-element-19372eea sc_content_align_inherit sc_layouts_column_icons_position_left sc_fly_static\" data-id=\"19372eea\" data-element_type=\"column\" data-e-type=\"column\">\n\t\t\t<div class=\"elementor-widget-wrap elementor-element-populated\">\n\t\t\t\t\t\t<div class=\"elementor-element elementor-element-690b98ed sc_fly_static elementor-widget elementor-widget-spacer\" data-id=\"690b98ed\" data-element_type=\"widget\" data-e-type=\"widget\" data-widget_type=\"spacer.default\">\n\t\t\t\t<div class=\"elementor-widget-container\">\n\t\t\t\t\t\t\t<div class=\"elementor-spacer\">\n\t\t\t<div class=\"elementor-spacer-inner\"><\/div>\n\t\t<\/div>\n\t\t\t\t\t\t<\/div>\n\t\t\t\t<\/div>\n\t\t\t\t\t<\/div>\n\t\t<\/div>\n\t\t\t\t\t<\/div>\n\t\t<\/section>\n\t\t\t\t<section class=\"elementor-section elementor-top-section elementor-element elementor-element-a2ec18c elementor-section-boxed elementor-section-height-default elementor-section-height-default sc_fly_static\" data-id=\"a2ec18c\" data-element_type=\"section\" data-e-type=\"section\" data-settings=\"{&quot;background_background&quot;:&quot;classic&quot;}\">\n\t\t\t\t\t\t<div class=\"elementor-container elementor-column-gap-extended\">\n\t\t\t\t\t<div class=\"elementor-column elementor-col-100 elementor-top-column elementor-element elementor-element-e4f67bc sc_content_align_inherit sc_layouts_column_icons_position_left sc_fly_static\" data-id=\"e4f67bc\" data-element_type=\"column\" data-e-type=\"column\">\n\t\t\t<div class=\"elementor-widget-wrap elementor-element-populated\">\n\t\t\t\t\t\t<div class=\"elementor-element elementor-element-fc87c00 sc_fly_static elementor-widget elementor-widget-text-editor\" data-id=\"fc87c00\" data-element_type=\"widget\" data-e-type=\"widget\" data-widget_type=\"text-editor.default\">\n\t\t\t\t<div class=\"elementor-widget-container\">\n\t\t\t\t\t\t\t\t\t<h5>2. Cancelaci\u00f3n de pedidos<\/h5><p data-start=\"1782\" data-end=\"1972\">El cliente podr\u00e1 solicitar la cancelaci\u00f3n de un pedido <strong data-start=\"1837\" data-end=\"1896\">siempre que este no haya entrado en fase de preparaci\u00f3n<\/strong>, contactando por correo electr\u00f3nico con el servicio de atenci\u00f3n al cliente.<\/p><p data-start=\"1974\" data-end=\"2159\">Una vez iniciado el proceso de preparaci\u00f3n, enviado o entregado el pedido, cualquier cancelaci\u00f3n ser\u00e1 tratada conforme al <strong data-start=\"2096\" data-end=\"2124\">derecho de desistimiento<\/strong> descrito en el apartado siguiente.<\/p><p data-start=\"2161\" data-end=\"2327\">El reembolso de pedidos cancelados antes de la preparaci\u00f3n se realizar\u00e1 por el mismo medio de pago utilizado en la compra, en un plazo m\u00e1ximo de <strong data-start=\"2306\" data-end=\"2326\">7 d\u00edas naturales<\/strong>.<\/p>\t\t\t\t\t\t\t\t<\/div>\n\t\t\t\t<\/div>\n\t\t\t\t\t<\/div>\n\t\t<\/div>\n\t\t\t\t\t<\/div>\n\t\t<\/section>\n\t\t\t\t<section class=\"elementor-section elementor-top-section elementor-element elementor-element-1ce0fbce elementor-section-boxed elementor-section-height-default elementor-section-height-default sc_fly_static\" data-id=\"1ce0fbce\" data-element_type=\"section\" data-e-type=\"section\">\n\t\t\t\t\t\t<div class=\"elementor-container elementor-column-gap-extended\">\n\t\t\t\t\t<div class=\"elementor-column elementor-col-100 elementor-top-column elementor-element elementor-element-71737124 sc_content_align_inherit sc_layouts_column_icons_position_left sc_fly_static\" data-id=\"71737124\" data-element_type=\"column\" data-e-type=\"column\">\n\t\t\t<div class=\"elementor-widget-wrap elementor-element-populated\">\n\t\t\t\t\t\t<div class=\"elementor-element elementor-element-653057c1 sc_fly_static elementor-widget elementor-widget-spacer\" data-id=\"653057c1\" data-element_type=\"widget\" data-e-type=\"widget\" data-widget_type=\"spacer.default\">\n\t\t\t\t<div class=\"elementor-widget-container\">\n\t\t\t\t\t\t\t<div class=\"elementor-spacer\">\n\t\t\t<div class=\"elementor-spacer-inner\"><\/div>\n\t\t<\/div>\n\t\t\t\t\t\t<\/div>\n\t\t\t\t<\/div>\n\t\t\t\t\t<\/div>\n\t\t<\/div>\n\t\t\t\t\t<\/div>\n\t\t<\/section>\n\t\t\t\t<section class=\"elementor-section elementor-top-section elementor-element elementor-element-7321157f elementor-section-boxed elementor-section-height-default elementor-section-height-default sc_fly_static\" data-id=\"7321157f\" data-element_type=\"section\" data-e-type=\"section\" data-settings=\"{&quot;background_background&quot;:&quot;classic&quot;}\">\n\t\t\t\t\t\t<div class=\"elementor-container elementor-column-gap-extended\">\n\t\t\t\t\t<div class=\"elementor-column elementor-col-100 elementor-top-column elementor-element elementor-element-770fd656 sc_content_align_inherit sc_layouts_column_icons_position_left sc_fly_static\" data-id=\"770fd656\" data-element_type=\"column\" data-e-type=\"column\">\n\t\t\t<div class=\"elementor-widget-wrap elementor-element-populated\">\n\t\t\t\t\t\t<div class=\"elementor-element elementor-element-20d12e1e sc_fly_static elementor-widget elementor-widget-text-editor\" data-id=\"20d12e1e\" data-element_type=\"widget\" data-e-type=\"widget\" data-widget_type=\"text-editor.default\">\n\t\t\t\t<div class=\"elementor-widget-container\">\n\t\t\t\t\t\t\t\t\t<h5>3. Derecho de desistimiento<\/h5><p data-start=\"2386\" data-end=\"2585\">De conformidad con la normativa vigente, el cliente dispone de <strong data-start=\"2449\" data-end=\"2470\">14 d\u00edas naturales<\/strong> desde la recepci\u00f3n del pedido para ejercer su derecho de desistimiento, <strong data-start=\"2543\" data-end=\"2584\">sin necesidad de justificar el motivo<\/strong>.<\/p><p data-start=\"2587\" data-end=\"2757\">Para ejercer este derecho, el cliente deber\u00e1 comunicar su decisi\u00f3n de forma clara mediante correo electr\u00f3nico al servicio de atenci\u00f3n al cliente de Maduraci\u00f3n y Vendimia.<\/p><h5 data-start=\"2759\" data-end=\"2793\">Condiciones del desistimiento:<\/h5><ul data-start=\"2794\" data-end=\"3048\"><li data-start=\"2794\" data-end=\"2895\"><p data-start=\"2796\" data-end=\"2895\">El producto deber\u00e1 estar <strong data-start=\"2821\" data-end=\"2843\">en perfecto estado<\/strong>, sin abrir, sin usar y en su <strong data-start=\"2873\" data-end=\"2894\">embalaje original<\/strong>.<\/p><\/li><li data-start=\"2896\" data-end=\"2944\"><p data-start=\"2898\" data-end=\"2944\">Deber\u00e1 devolverse la <strong data-start=\"2919\" data-end=\"2943\">totalidad del pedido<\/strong>.<\/p><\/li><li data-start=\"2945\" data-end=\"3048\"><p data-start=\"2947\" data-end=\"3048\">No se aceptar\u00e1n devoluciones de productos que presenten signos de manipulaci\u00f3n, apertura o deterioro.<\/p><\/li><\/ul><h5 data-start=\"3050\" data-end=\"3072\">Recogida y costes:<\/h5><ul data-start=\"3073\" data-end=\"3434\"><li data-start=\"3073\" data-end=\"3183\"><p data-start=\"3075\" data-end=\"3183\"><strong data-start=\"3075\" data-end=\"3134\">Maduraci\u00f3n y Vendimia organizar\u00e1 la recogida del pedido<\/strong> mediante una agencia de transporte colaboradora.<\/p><\/li><li data-start=\"3184\" data-end=\"3308\"><p data-start=\"3186\" data-end=\"3308\">En caso de desistimiento por <strong data-start=\"3215\" data-end=\"3236\">cambio de opini\u00f3n<\/strong>, <strong data-start=\"3238\" data-end=\"3307\">el coste del transporte de devoluci\u00f3n ser\u00e1 asumido por el cliente<\/strong>.<\/p><\/li><li data-start=\"3309\" data-end=\"3434\"><p data-start=\"3311\" data-end=\"3434\">El cliente deber\u00e1 facilitar la recogida en la misma direcci\u00f3n en la que se realiz\u00f3 la entrega original, en horario laboral.<\/p><\/li><\/ul><h5 data-start=\"3436\" data-end=\"3450\">Reembolso:<\/h5><p data-start=\"3451\" data-end=\"3669\">Una vez recibidos los productos y comprobado su estado, Maduraci\u00f3n y Vendimia reembolsar\u00e1 el importe correspondiente en un plazo m\u00e1ximo de <strong data-start=\"3590\" data-end=\"3611\">14 d\u00edas naturales<\/strong>, utilizando el mismo medio de pago empleado en la compra.<\/p>\t\t\t\t\t\t\t\t<\/div>\n\t\t\t\t<\/div>\n\t\t\t\t\t<\/div>\n\t\t<\/div>\n\t\t\t\t\t<\/div>\n\t\t<\/section>\n\t\t\t\t<section class=\"elementor-section elementor-top-section elementor-element elementor-element-6d09f250 elementor-section-boxed elementor-section-height-default elementor-section-height-default sc_fly_static\" data-id=\"6d09f250\" data-element_type=\"section\" data-e-type=\"section\">\n\t\t\t\t\t\t<div class=\"elementor-container elementor-column-gap-extended\">\n\t\t\t\t\t<div class=\"elementor-column elementor-col-100 elementor-top-column elementor-element elementor-element-936cd29 sc_content_align_inherit sc_layouts_column_icons_position_left sc_fly_static\" data-id=\"936cd29\" data-element_type=\"column\" data-e-type=\"column\">\n\t\t\t<div class=\"elementor-widget-wrap elementor-element-populated\">\n\t\t\t\t\t\t<div class=\"elementor-element elementor-element-1a296be8 sc_fly_static elementor-widget elementor-widget-spacer\" data-id=\"1a296be8\" data-element_type=\"widget\" data-e-type=\"widget\" data-widget_type=\"spacer.default\">\n\t\t\t\t<div class=\"elementor-widget-container\">\n\t\t\t\t\t\t\t<div class=\"elementor-spacer\">\n\t\t\t<div class=\"elementor-spacer-inner\"><\/div>\n\t\t<\/div>\n\t\t\t\t\t\t<\/div>\n\t\t\t\t<\/div>\n\t\t\t\t\t<\/div>\n\t\t<\/div>\n\t\t\t\t\t<\/div>\n\t\t<\/section>\n\t\t\t\t<section class=\"elementor-section elementor-top-section elementor-element elementor-element-38a0313b elementor-section-boxed elementor-section-height-default elementor-section-height-default sc_fly_static\" data-id=\"38a0313b\" data-element_type=\"section\" data-e-type=\"section\" data-settings=\"{&quot;background_background&quot;:&quot;classic&quot;}\">\n\t\t\t\t\t\t<div class=\"elementor-container elementor-column-gap-extended\">\n\t\t\t\t\t<div class=\"elementor-column elementor-col-100 elementor-top-column elementor-element elementor-element-52476443 sc_content_align_inherit sc_layouts_column_icons_position_left sc_fly_static\" data-id=\"52476443\" data-element_type=\"column\" data-e-type=\"column\">\n\t\t\t<div class=\"elementor-widget-wrap elementor-element-populated\">\n\t\t\t\t\t\t<div class=\"elementor-element elementor-element-6351d37f sc_fly_static elementor-widget elementor-widget-text-editor\" data-id=\"6351d37f\" data-element_type=\"widget\" data-e-type=\"widget\" data-widget_type=\"text-editor.default\">\n\t\t\t\t<div class=\"elementor-widget-container\">\n\t\t\t\t\t\t\t\t\t<h5>4. Devoluciones por error, incidencia o producto defectuoso<\/h5><p data-start=\"3740\" data-end=\"3848\">En los siguientes casos, <strong data-start=\"3765\" data-end=\"3847\">Maduraci\u00f3n y Vendimia asumir\u00e1 \u00edntegramente los costes de recogida y devoluci\u00f3n<\/strong>:<\/p><ul data-start=\"3850\" data-end=\"3968\"><li data-start=\"3850\" data-end=\"3871\"><p data-start=\"3852\" data-end=\"3871\">Producto incorrecto<\/p><\/li><li data-start=\"3872\" data-end=\"3891\"><p data-start=\"3874\" data-end=\"3891\">Pedido incompleto<\/p><\/li><li data-start=\"3892\" data-end=\"3932\"><p data-start=\"3894\" data-end=\"3932\">Da\u00f1os producidos durante el transporte<\/p><\/li><li data-start=\"3933\" data-end=\"3968\"><p data-start=\"3935\" data-end=\"3968\">Producto defectuoso o no conforme<\/p><\/li><\/ul><p data-start=\"3970\" data-end=\"4168\">El cliente deber\u00e1 comunicar la incidencia en un plazo m\u00e1ximo de <strong data-start=\"4034\" data-end=\"4046\">24 horas<\/strong> desde la entrega para incidencias de transporte, y en un plazo m\u00e1ximo de <strong data-start=\"4120\" data-end=\"4131\">30 d\u00edas<\/strong> para defectos visibles del producto.<\/p><p data-start=\"4170\" data-end=\"4284\">En caso de producto defectuoso en su contenido, el plazo de reclamaci\u00f3n ser\u00e1 de <strong data-start=\"4250\" data-end=\"4266\">hasta un a\u00f1o<\/strong> desde la entrega.<\/p><p data-start=\"4286\" data-end=\"4314\">Maduraci\u00f3n y Vendimia podr\u00e1:<\/p><ul data-start=\"4315\" data-end=\"4433\"><li data-start=\"4315\" data-end=\"4359\"><p data-start=\"4317\" data-end=\"4359\">Reponer el producto sin coste adicional, o<\/p><\/li><li data-start=\"4360\" data-end=\"4433\"><p data-start=\"4362\" data-end=\"4433\">Reembolsar el importe correspondiente si la reposici\u00f3n no fuera posible<\/p><\/li><\/ul>\t\t\t\t\t\t\t\t<\/div>\n\t\t\t\t<\/div>\n\t\t\t\t\t<\/div>\n\t\t<\/div>\n\t\t\t\t\t<\/div>\n\t\t<\/section>\n\t\t\t\t<section class=\"elementor-section elementor-top-section elementor-element elementor-element-62204097 elementor-section-boxed elementor-section-height-default elementor-section-height-default sc_fly_static\" data-id=\"62204097\" data-element_type=\"section\" data-e-type=\"section\">\n\t\t\t\t\t\t<div class=\"elementor-container elementor-column-gap-extended\">\n\t\t\t\t\t<div class=\"elementor-column elementor-col-100 elementor-top-column elementor-element elementor-element-2a4d759c sc_content_align_inherit sc_layouts_column_icons_position_left sc_fly_static\" data-id=\"2a4d759c\" data-element_type=\"column\" data-e-type=\"column\">\n\t\t\t<div class=\"elementor-widget-wrap elementor-element-populated\">\n\t\t\t\t\t\t<div class=\"elementor-element elementor-element-3ee1a1c6 sc_fly_static elementor-widget elementor-widget-spacer\" data-id=\"3ee1a1c6\" data-element_type=\"widget\" data-e-type=\"widget\" data-widget_type=\"spacer.default\">\n\t\t\t\t<div class=\"elementor-widget-container\">\n\t\t\t\t\t\t\t<div class=\"elementor-spacer\">\n\t\t\t<div class=\"elementor-spacer-inner\"><\/div>\n\t\t<\/div>\n\t\t\t\t\t\t<\/div>\n\t\t\t\t<\/div>\n\t\t\t\t\t<\/div>\n\t\t<\/div>\n\t\t\t\t\t<\/div>\n\t\t<\/section>\n\t\t\t\t<section class=\"elementor-section elementor-top-section elementor-element elementor-element-75f77bac elementor-section-boxed elementor-section-height-default elementor-section-height-default sc_fly_static\" data-id=\"75f77bac\" data-element_type=\"section\" data-e-type=\"section\" data-settings=\"{&quot;background_background&quot;:&quot;classic&quot;}\">\n\t\t\t\t\t\t<div class=\"elementor-container elementor-column-gap-extended\">\n\t\t\t\t\t<div class=\"elementor-column elementor-col-100 elementor-top-column elementor-element elementor-element-6df00861 sc_content_align_inherit sc_layouts_column_icons_position_left sc_fly_static\" data-id=\"6df00861\" data-element_type=\"column\" data-e-type=\"column\">\n\t\t\t<div class=\"elementor-widget-wrap elementor-element-populated\">\n\t\t\t\t\t\t<div class=\"elementor-element elementor-element-682fffa sc_fly_static elementor-widget elementor-widget-text-editor\" data-id=\"682fffa\" data-element_type=\"widget\" data-e-type=\"widget\" data-widget_type=\"text-editor.default\">\n\t\t\t\t<div class=\"elementor-widget-container\">\n\t\t\t\t\t\t\t\t\t<h5>5. Procedimiento de devoluci\u00f3n<\/h5><p data-start=\"4489\" data-end=\"4653\">Para cualquier cancelaci\u00f3n, desistimiento o devoluci\u00f3n, es <strong data-start=\"4548\" data-end=\"4588\">imprescindible contactar previamente<\/strong> con el servicio de atenci\u00f3n al cliente de Maduraci\u00f3n y Vendimia.<\/p><p data-start=\"4655\" data-end=\"4673\">\u274c No se aceptar\u00e1n:<\/p><ul data-start=\"4674\" data-end=\"4808\"><li data-start=\"4674\" data-end=\"4721\"><p data-start=\"4676\" data-end=\"4721\">Env\u00edos realizados directamente por el cliente<\/p><\/li><li data-start=\"4722\" data-end=\"4753\"><p data-start=\"4724\" data-end=\"4753\">Devoluciones a portes debidos<\/p><\/li><li data-start=\"4754\" data-end=\"4808\"><p data-start=\"4756\" data-end=\"4808\">Devoluciones sin comunicaci\u00f3n previa ni autorizaci\u00f3n<\/p><\/li><\/ul><p data-start=\"4810\" data-end=\"4911\">La recogida ser\u00e1 siempre organizada por Maduraci\u00f3n y Vendimia a trav\u00e9s de sus agencias colaboradoras.<\/p>\t\t\t\t\t\t\t\t<\/div>\n\t\t\t\t<\/div>\n\t\t\t\t\t<\/div>\n\t\t<\/div>\n\t\t\t\t\t<\/div>\n\t\t<\/section>\n\t\t\t\t<section class=\"elementor-section elementor-top-section elementor-element elementor-element-594f5e15 elementor-section-boxed elementor-section-height-default elementor-section-height-default sc_fly_static\" data-id=\"594f5e15\" data-element_type=\"section\" data-e-type=\"section\">\n\t\t\t\t\t\t<div class=\"elementor-container elementor-column-gap-extended\">\n\t\t\t\t\t<div class=\"elementor-column elementor-col-100 elementor-top-column elementor-element elementor-element-5d4b9154 sc_content_align_inherit sc_layouts_column_icons_position_left sc_fly_static\" data-id=\"5d4b9154\" data-element_type=\"column\" data-e-type=\"column\">\n\t\t\t<div class=\"elementor-widget-wrap elementor-element-populated\">\n\t\t\t\t\t\t<div class=\"elementor-element elementor-element-79ec6774 sc_fly_static elementor-widget elementor-widget-spacer\" data-id=\"79ec6774\" data-element_type=\"widget\" data-e-type=\"widget\" data-widget_type=\"spacer.default\">\n\t\t\t\t<div class=\"elementor-widget-container\">\n\t\t\t\t\t\t\t<div class=\"elementor-spacer\">\n\t\t\t<div class=\"elementor-spacer-inner\"><\/div>\n\t\t<\/div>\n\t\t\t\t\t\t<\/div>\n\t\t\t\t<\/div>\n\t\t\t\t\t<\/div>\n\t\t<\/div>\n\t\t\t\t\t<\/div>\n\t\t<\/section>\n\t\t\t\t<section class=\"elementor-section elementor-top-section elementor-element elementor-element-2d8dc980 elementor-section-boxed elementor-section-height-default elementor-section-height-default sc_fly_static\" data-id=\"2d8dc980\" data-element_type=\"section\" data-e-type=\"section\" data-settings=\"{&quot;background_background&quot;:&quot;classic&quot;}\">\n\t\t\t\t\t\t<div class=\"elementor-container elementor-column-gap-extended\">\n\t\t\t\t\t<div class=\"elementor-column elementor-col-100 elementor-top-column elementor-element elementor-element-46b827c5 sc_content_align_inherit sc_layouts_column_icons_position_left sc_fly_static\" data-id=\"46b827c5\" data-element_type=\"column\" data-e-type=\"column\">\n\t\t\t<div class=\"elementor-widget-wrap elementor-element-populated\">\n\t\t\t\t\t\t<div class=\"elementor-element elementor-element-1a92204b sc_fly_static elementor-widget elementor-widget-text-editor\" data-id=\"1a92204b\" data-element_type=\"widget\" data-e-type=\"widget\" data-widget_type=\"text-editor.default\">\n\t\t\t\t<div class=\"elementor-widget-container\">\n\t\t\t\t\t\t\t\t\t<h5>6. Exclusiones<\/h5><p data-start=\"4937\" data-end=\"4983\">No se aceptar\u00e1n devoluciones de productos que:<\/p><ul data-start=\"4984\" data-end=\"5098\"><li data-start=\"4984\" data-end=\"5018\"><p data-start=\"4986\" data-end=\"5018\">Hayan sido abiertos o consumidos<\/p><\/li><li data-start=\"5019\" data-end=\"5054\"><p data-start=\"5021\" data-end=\"5054\">No conserven su embalaje original<\/p><\/li><li data-start=\"5055\" data-end=\"5098\"><p data-start=\"5057\" data-end=\"5098\">Presenten signos de manipulaci\u00f3n indebida<\/p><\/li><\/ul><h5 data-start=\"5105\" data-end=\"5133\">\u2714\ufe0f Nota final importante<\/h5><p data-start=\"5134\" data-end=\"5273\">El ejercicio del derecho de desistimiento <strong data-start=\"5176\" data-end=\"5227\">no afecta a los derechos legales del consumidor<\/strong> en caso de producto defectuoso o no conforme.<\/p>\t\t\t\t\t\t\t\t<\/div>\n\t\t\t\t<\/div>\n\t\t\t\t\t<\/div>\n\t\t<\/div>\n\t\t\t\t\t<\/div>\n\t\t<\/section>\n\t\t\t\t<section class=\"elementor-section elementor-top-section elementor-element elementor-element-2cc963ae elementor-section-boxed elementor-section-height-default elementor-section-height-default sc_fly_static\" data-id=\"2cc963ae\" data-element_type=\"section\" data-e-type=\"section\">\n\t\t\t\t\t\t<div class=\"elementor-container elementor-column-gap-extended\">\n\t\t\t\t\t<div class=\"elementor-column elementor-col-100 elementor-top-column elementor-element elementor-element-24539791 sc_content_align_inherit sc_layouts_column_icons_position_left sc_fly_static\" data-id=\"24539791\" data-element_type=\"column\" data-e-type=\"column\">\n\t\t\t<div class=\"elementor-widget-wrap elementor-element-populated\">\n\t\t\t\t\t\t<div class=\"elementor-element elementor-element-6544df0e sc_fly_static elementor-widget elementor-widget-spacer\" data-id=\"6544df0e\" data-element_type=\"widget\" data-e-type=\"widget\" data-widget_type=\"spacer.default\">\n\t\t\t\t<div class=\"elementor-widget-container\">\n\t\t\t\t\t\t\t<div class=\"elementor-spacer\">\n\t\t\t<div class=\"elementor-spacer-inner\"><\/div>\n\t\t<\/div>\n\t\t\t\t\t\t<\/div>\n\t\t\t\t<\/div>\n\t\t\t\t\t<\/div>\n\t\t<\/div>\n\t\t\t\t\t<\/div>\n\t\t<\/section>\n\t\t\t\t<\/div>","protected":false},"excerpt":{"rendered":"<p>1. Entrega de pedidos Maduraci\u00f3n y Vendimia realiza todos los esfuerzos razonables para que los plazos de entrega indicados en la web sean lo m\u00e1s precisos posibles. No obstante, dichos&hellip;<\/p>","protected":false},"author":1,"featured_media":0,"parent":0,"menu_order":0,"comment_status":"closed","ping_status":"closed","template":"","meta":{"footnotes":""},"class_list":["post-21547","page","type-page","status-publish","hentry"],"_links":{"self":[{"href":"https:\/\/maduracionyvendimia.es\/ca\/wp-json\/wp\/v2\/pages\/21547","targetHints":{"allow":["GET"]}}],"collection":[{"href":"https:\/\/maduracionyvendimia.es\/ca\/wp-json\/wp\/v2\/pages"}],"about":[{"href":"https:\/\/maduracionyvendimia.es\/ca\/wp-json\/wp\/v2\/types\/page"}],"author":[{"embeddable":true,"href":"https:\/\/maduracionyvendimia.es\/ca\/wp-json\/wp\/v2\/users\/1"}],"replies":[{"embeddable":true,"href":"https:\/\/maduracionyvendimia.es\/ca\/wp-json\/wp\/v2\/comments?post=21547"}],"version-history":[{"count":3,"href":"https:\/\/maduracionyvendimia.es\/ca\/wp-json\/wp\/v2\/pages\/21547\/revisions"}],"predecessor-version":[{"id":21818,"href":"https:\/\/maduracionyvendimia.es\/ca\/wp-json\/wp\/v2\/pages\/21547\/revisions\/21818"}],"wp:attachment":[{"href":"https:\/\/maduracionyvendimia.es\/ca\/wp-json\/wp\/v2\/media?parent=21547"}],"curies":[{"name":"wp","href":"https:\/\/api.w.org\/{rel}","templated":true}]}}